{"id":112,"date":"2023-11-20T07:57:46","date_gmt":"2023-11-20T06:57:46","guid":{"rendered":"https:\/\/enormbiofactory.com\/?page_id=112"},"modified":"2023-12-05T13:50:58","modified_gmt":"2023-12-05T12:50:58","slug":"eat-the-change","status":"publish","type":"page","link":"https:\/\/enormbiofactory.com\/da\/om\/eat-the-change","title":{"rendered":"Eat the change"},"content":{"rendered":"\n<h2 class=\"wp-block-heading\">Hvorfor producere insekter?<\/h2>\n\n\n\n<div class=\"wp-block-columns\">\n<div class=\"wp-block-column\">\n<p><strong>B\u00e6redygtige insekter kan im\u00f8dekomme den voksende eftersp\u00f8rgsel p\u00e5 proteiner til fisk, fjerkr\u00e6, svin og mennesker<\/strong><\/p>\n\n\n<div class=\"theme8blocks theme8blocks-spacer custom \" style=\"height: 10px;\"><\/div><\/div>\n\n\n\n<div class=\"wp-block-column\"><\/div>\n<\/div>\n\n\n\n<div class=\"wp-block-columns\">\n<div class=\"wp-block-column\">\n<p>Eftersp\u00f8rgslen efter protein er stigende p\u00e5 verdensplan. I Danmark stilles der stadig st\u00f8rre krav til det foder som fodres til vores husdyr, herunder fisk, fjerkr\u00e6 og svin. Det betyder at det bliver sv\u00e6rere og sv\u00e6rere for husdyrproducenterne at skaffe nok foder med de rigtige egenskaber, der samtidig overholder de strengere krav til oprindelse og b\u00e6redygtighed.<\/p>\n<\/div>\n\n\n\n<div class=\"wp-block-column\">\n<p>Vi kan ogs\u00e5 selv spise insekter! Det er endnu bedre for milj\u00f8et at anvende insekter direkte som ingredienser til f\u00f8devarer.  Om du selv spiser larven, eller om det er en kylling, eller en fisk der spiser den f\u00f8rst, s\u00e5 er det et skridt i den rigtige retning for b\u00e6redygtige proteiner. &#8211; Eat the change you want to see in the world!  <\/p>\n<\/div>\n<\/div>\n\n\n<div class=\"theme8blocks theme8blocks-spacer  \" ><\/div>\n\n<div class=\"theme8blocks theme8blocks-imagevideo \" id=\"block_2ff32a9dd30a5cef930f067e22c3b867\">\n    <a href=\"https:\/\/www.youtube.com\/watch?v=l9tmb5cZLWc\" data-fancybox data-width=\"2400\" data-height=\"1350\">\n        <img loading=\"lazy\" decoding=\"async\" width=\"1500\" height=\"844\" src=\"https:\/\/enormbiofactory.com\/wp-content\/uploads\/2023\/11\/eat-the-change-video-billede.png\" class=\"attachment-full-screen size-full-screen\" alt=\"\" srcset=\"https:\/\/enormbiofactory.com\/wp-content\/uploads\/2023\/11\/eat-the-change-video-billede.png 1500w, https:\/\/enormbiofactory.com\/wp-content\/uploads\/2023\/11\/eat-the-change-video-billede-800x450.png 800w, https:\/\/enormbiofactory.com\/wp-content\/uploads\/2023\/11\/eat-the-change-video-billede-768x432.png 768w\" sizes=\"auto, (max-width: 1500px) 100vw, 1500px\" \/>        <div class=\"play\"><\/div>\n    <\/a>\n            <div class=\"image-caption\">Co-founder Jane L. Sam fort\u00e6ller om input og output i Enorm Biofactory, som producerer Black Soldier Fly larver.<\/div>\n    <\/div>\n\n<div class=\"theme8blocks theme8blocks-spacer  \" ><\/div>\n\n<div class=\"sphere sphere-right-top\"><\/div><div class=\"theme8blocks theme8blocks-texttwocols reverse-order no-image-border   cp-gradient height-medium  alignfull\" id=\"block_26e57334760d5abaddbb97a5614cbce6\">    \n\t<div class=\"grid-container\">\n        <div class=\"acf-innerblocks-container\">\n\n<div class=\"wp-block-group\"><div class=\"wp-block-group__inner-container\">\n<h2 class=\"wp-block-heading\">Insektprotein til fisk<\/h2>\n\n\n\n<p>Insektmel er animalsk protein, som kan bruges til at substituere fiskemel. Fiskemel bliver prim\u00e6rt produceret ved at fange fisk i havet med det eneste form\u00e5l at fodre kommercielt opdr\u00e6ttede dyr. Dette bidrager til den konsekvens, at havenes \u00f8kosystemer er pressede og fiskebestanden p\u00e5 randen af kollaps. I dag bruges 70% af al fiskemel til at fodre fisk i fiskedambrug, mens aquakulturindustrien er en af de hurtigst voksende sektorer. Og da havets fisk er en begr\u00e6nset ressource, er der brug for b\u00e6redygtige alternativer. Her kommer Black Soldier Fly larven os til unds\u00e6tning!<\/p>\n<\/div><\/div>\n\n\n\n<div class=\"wp-block-group\"><div class=\"wp-block-group__inner-container\">\n<figure class=\"wp-block-image size-full\"><img loading=\"lazy\" decoding=\"async\" width=\"1914\" height=\"1094\" src=\"https:\/\/enormbiofactory.com\/wp-content\/uploads\/2023\/12\/figur-Insektprotein-til-fisk.png\" alt=\"\" class=\"wp-image-1415\" srcset=\"https:\/\/enormbiofactory.com\/wp-content\/uploads\/2023\/12\/figur-Insektprotein-til-fisk.png 1914w, https:\/\/enormbiofactory.com\/wp-content\/uploads\/2023\/12\/figur-Insektprotein-til-fisk-800x457.png 800w, https:\/\/enormbiofactory.com\/wp-content\/uploads\/2023\/12\/figur-Insektprotein-til-fisk-1600x915.png 1600w, https:\/\/enormbiofactory.com\/wp-content\/uploads\/2023\/12\/figur-Insektprotein-til-fisk-768x439.png 768w, https:\/\/enormbiofactory.com\/wp-content\/uploads\/2023\/12\/figur-Insektprotein-til-fisk-1536x878.png 1536w\" sizes=\"auto, (max-width: 1914px) 100vw, 1914px\" \/><\/figure>\n<\/div><\/div>\n\n<\/div>\n\t<\/div>             \n<\/div>\n\n\n<div class=\"theme8blocks theme8blocks-spacer  \" ><\/div>\n\n\n<div class=\"wp-block-columns\">\n<div class=\"wp-block-column\" style=\"flex-basis:42%\">\n<h2 class=\"wp-block-heading\">Hvorfor er det b\u00e6redygtigt at opdr\u00e6tte black soldier fly larver?<\/h2>\n<\/div>\n<\/div>\n\n\n<div class=\"lines lines-03\"><img decoding=\"async\" src=\"\/wp-content\/plugins\/theme8blocks\/images\/lines-01.png\" alt=\"\" class=\"rellax\" data-rellax-speed=\"-2\"><\/div><div class=\"theme8blocks theme8blocks-texttwocols  no-image-border large-image  cp-lightest height-content  \" id=\"block_8913380bb9d31d86cbb59a89d60dfa0b\">    \n\t<div class=\"grid-container\">\n        <div class=\"acf-innerblocks-container\">\n\n<div class=\"wp-block-group\"><div class=\"wp-block-group__inner-container\">\n<ul class=\"wp-block-list\">\n<li>Black soldier fly arten har en livscyklus p\u00e5 kun 45-50 dage<\/li>\n\n\n\n<li>Fluerne reproducerer sig effektivt, og hver hunflue l\u00e6gger 700-1200 \u00e6g<\/li>\n\n\n\n<li>Larverne har en h\u00f8j foderkonverterings-rate. For at producere 1 kg larver skal der kun anvendes 1-1,5 kg foder (TS).<\/li>\n\n\n\n<li>Der anvendes meget lidt vand til produktionen sammenlignet med andre husdyr.<\/li>\n\n\n\n<li>Larverne kan leve af stort set alle organiske substrater. Ogs\u00e5 substrater med meget h\u00f8jt vandindhold, hvilket adskiller den fra mange andre insektarter.<\/li>\n\n\n\n<li>Produktionen har en lille udledning af drivhusgasser, sammenlignet med andre husdyr.<\/li>\n\n\n\n<li>Larverne kan produceres vertikalt, hvilket betyder at de optager meget lidt landareal, i forhold til den producerede m\u00e6ngde protein.<\/li>\n<\/ul>\n<\/div><\/div>\n\n\n\n<div class=\"wp-block-group\"><div class=\"wp-block-group__inner-container\">\n<figure class=\"wp-block-image size-full\"><img loading=\"lazy\" decoding=\"async\" width=\"2500\" height=\"2111\" src=\"https:\/\/enormbiofactory.com\/wp-content\/uploads\/2023\/11\/Diagram_enorm-Life-cycle.png\" alt=\"B\u00e6redygtigt opdr\u00e6t af Black Soldier fluer\" class=\"wp-image-822\" srcset=\"https:\/\/enormbiofactory.com\/wp-content\/uploads\/2023\/11\/Diagram_enorm-Life-cycle.png 2500w, https:\/\/enormbiofactory.com\/wp-content\/uploads\/2023\/11\/Diagram_enorm-Life-cycle-800x676.png 800w, https:\/\/enormbiofactory.com\/wp-content\/uploads\/2023\/11\/Diagram_enorm-Life-cycle-1600x1351.png 1600w, https:\/\/enormbiofactory.com\/wp-content\/uploads\/2023\/11\/Diagram_enorm-Life-cycle-768x648.png 768w, https:\/\/enormbiofactory.com\/wp-content\/uploads\/2023\/11\/Diagram_enorm-Life-cycle-1536x1297.png 1536w, https:\/\/enormbiofactory.com\/wp-content\/uploads\/2023\/11\/Diagram_enorm-Life-cycle-2048x1729.png 2048w\" sizes=\"auto, (max-width: 2500px) 100vw, 2500px\" \/><\/figure>\n<\/div><\/div>\n\n<\/div>\n\t<\/div>             \n<\/div>\n<div class=\"sphere sphere-left-bottom\"><\/div>\n\n\n<hr class=\"wp-block-separator has-alpha-channel-opacity\"\/>\n\n\n<div class=\"theme8blocks theme8blocks-texttwocols reverse-order no-image-border   cp-lightest height-content push-down-text \" id=\"block_31564b148992acfb32f35491869153c5\">    \n\t<div class=\"grid-container\">\n        <div class=\"acf-innerblocks-container\">\n\n<div class=\"wp-block-group\"><div class=\"wp-block-group__inner-container\">\n<h2 class=\"wp-block-heading\">BSF larver er centrum for en cirkul\u00e6r v\u00e6rdik\u00e6de<\/h2>\n\n\n\n<p>Hos Enorm modtager vi restbiomasser fra landbruget og f\u00f8devareindustrien. Det kan v\u00e6re biprodukter fra produktion af \u00f8l, kartoffelstivelse, ost mv. Larverne oms\u00e6tter foderet p\u00e5 fabrikken, hvor de bliver h\u00f8stet og forarbejdet til v\u00e6rdifulde ingredienser. Det er prim\u00e6rt proteiner og fedt, der kan bruges som foder eller endda som f\u00f8devarer.<\/p>\n\n\n\n<p>N\u00e5r restbiomasserne anvendes til foder i stedet for g\u00f8dning p\u00e5 markerne, f\u00e5r vi n\u00e6ringsstofferne direkte tilbage i f\u00f8devarev\u00e6rdik\u00e6den og undg\u00e5r at \u00f8ge puljen af n\u00e6ringsstoffer i vores landbrugsjord.<\/p>\n<\/div><\/div>\n\n\n\n<div class=\"wp-block-group\"><div class=\"wp-block-group__inner-container\">\n<figure class=\"wp-block-image size-full\"><img loading=\"lazy\" decoding=\"async\" width=\"904\" height=\"859\" src=\"https:\/\/enormbiofactory.com\/wp-content\/uploads\/2023\/11\/ENORM-circular-value-chain-RGB-EN-1.png\" alt=\"\" class=\"wp-image-543\" srcset=\"https:\/\/enormbiofactory.com\/wp-content\/uploads\/2023\/11\/ENORM-circular-value-chain-RGB-EN-1.png 904w, https:\/\/enormbiofactory.com\/wp-content\/uploads\/2023\/11\/ENORM-circular-value-chain-RGB-EN-1-800x760.png 800w, https:\/\/enormbiofactory.com\/wp-content\/uploads\/2023\/11\/ENORM-circular-value-chain-RGB-EN-1-768x730.png 768w\" sizes=\"auto, (max-width: 904px) 100vw, 904px\" \/><\/figure>\n<\/div><\/div>\n\n<\/div>\n\t<\/div>             \n<\/div>\n","protected":false},"excerpt":{"rendered":"<p>Hvorfor producere insekter? B\u00e6redygtige insekter kan im\u00f8dekomme den voksende eftersp\u00f8rgsel p\u00e5 proteiner til fisk, fjerkr\u00e6, svin og mennesker Eftersp\u00f8rgslen efter protein er stigende p\u00e5 verdensplan. I Danmark stilles der stadig st\u00f8rre krav til det foder som fodres til vores husdyr, herunder fisk, fjerkr\u00e6 og svin. Det betyder at det bliver sv\u00e6rere og sv\u00e6rere for husdyrproducenterne [&hellip;]<\/p>\n","protected":false},"author":1,"featured_media":822,"parent":68,"menu_order":0,"comment_status":"closed","ping_status":"closed","template":"","meta":{"_acf_changed":false,"footnotes":""},"class_list":["post-112","page","type-page","status-publish","has-post-thumbnail","hentry"],"acf":[],"yoast_head":"<!-- This site is optimized with the Yoast SEO plugin v24.1 - https:\/\/yoast.com\/wordpress\/plugins\/seo\/ -->\n<title>Eat the change - hvorfor producere insekter? - Enorm<\/title>\n<meta name=\"description\" content=\"B\u00e6redygtige insekter kan im\u00f8dekomme den voksende eftersp\u00f8rgsel p\u00e5 proteiner til fisk, fjerkr\u00e6, svin og mennesker.\" \/>\n<meta name=\"robots\" content=\"index, follow, max-snippet:-1, max-image-preview:large, max-video-preview:-1\" \/>\n<link rel=\"canonical\" href=\"https:\/\/enormbiofactory.com\/da\/om\/eat-the-change\" \/>\n<meta property=\"og:locale\" content=\"da_DK\" \/>\n<meta property=\"og:type\" content=\"article\" \/>\n<meta property=\"og:title\" content=\"Eat the change - hvorfor producere insekter? - Enorm\" \/>\n<meta property=\"og:description\" content=\"B\u00e6redygtige insekter kan im\u00f8dekomme den voksende eftersp\u00f8rgsel p\u00e5 proteiner til fisk, fjerkr\u00e6, svin og mennesker.\" \/>\n<meta property=\"og:url\" content=\"https:\/\/enormbiofactory.com\/da\/om\/eat-the-change\" \/>\n<meta property=\"og:site_name\" content=\"Enorm\" \/>\n<meta property=\"article:modified_time\" content=\"2023-12-05T12:50:58+00:00\" \/>\n<meta property=\"og:image\" content=\"https:\/\/enormbiofactory.com\/wp-content\/uploads\/2023\/11\/Diagram_enorm-Life-cycle.png\" \/>\n\t<meta property=\"og:image:width\" content=\"2500\" \/>\n\t<meta property=\"og:image:height\" content=\"2111\" \/>\n\t<meta property=\"og:image:type\" content=\"image\/png\" \/>\n<meta name=\"twitter:card\" content=\"summary_large_image\" \/>\n<meta name=\"twitter:label1\" content=\"Estimeret l\u00e6setid\" \/>\n\t<meta name=\"twitter:data1\" content=\"2 minutter\" \/>\n<script type=\"application\/ld+json\" class=\"yoast-schema-graph\">{\"@context\":\"https:\/\/schema.org\",\"@graph\":[{\"@type\":\"WebPage\",\"@id\":\"https:\/\/enormbiofactory.com\/da\/om\/eat-the-change\",\"url\":\"https:\/\/enormbiofactory.com\/da\/om\/eat-the-change\",\"name\":\"Eat the change - hvorfor producere insekter? - Enorm\",\"isPartOf\":{\"@id\":\"https:\/\/enormbiofactory.com\/da#website\"},\"primaryImageOfPage\":{\"@id\":\"https:\/\/enormbiofactory.com\/da\/om\/eat-the-change#primaryimage\"},\"image\":{\"@id\":\"https:\/\/enormbiofactory.com\/da\/om\/eat-the-change#primaryimage\"},\"thumbnailUrl\":\"https:\/\/enormbiofactory.com\/wp-content\/uploads\/2023\/11\/Diagram_enorm-Life-cycle.png\",\"datePublished\":\"2023-11-20T06:57:46+00:00\",\"dateModified\":\"2023-12-05T12:50:58+00:00\",\"description\":\"B\u00e6redygtige insekter kan im\u00f8dekomme den voksende eftersp\u00f8rgsel p\u00e5 proteiner til fisk, fjerkr\u00e6, svin og mennesker.\",\"breadcrumb\":{\"@id\":\"https:\/\/enormbiofactory.com\/da\/om\/eat-the-change#breadcrumb\"},\"inLanguage\":\"da-DK\",\"potentialAction\":[{\"@type\":\"ReadAction\",\"target\":[\"https:\/\/enormbiofactory.com\/da\/om\/eat-the-change\"]}]},{\"@type\":\"ImageObject\",\"inLanguage\":\"da-DK\",\"@id\":\"https:\/\/enormbiofactory.com\/da\/om\/eat-the-change#primaryimage\",\"url\":\"https:\/\/enormbiofactory.com\/wp-content\/uploads\/2023\/11\/Diagram_enorm-Life-cycle.png\",\"contentUrl\":\"https:\/\/enormbiofactory.com\/wp-content\/uploads\/2023\/11\/Diagram_enorm-Life-cycle.png\",\"width\":2500,\"height\":2111,\"caption\":\"B\u00e6redygtigt opdr\u00e6t af Black Soldier fluer\"},{\"@type\":\"BreadcrumbList\",\"@id\":\"https:\/\/enormbiofactory.com\/da\/om\/eat-the-change#breadcrumb\",\"itemListElement\":[{\"@type\":\"ListItem\",\"position\":1,\"name\":\"Home\",\"item\":\"https:\/\/enormbiofactory.com\/da\"},{\"@type\":\"ListItem\",\"position\":2,\"name\":\"Om Enorm\",\"item\":\"https:\/\/enormbiofactory.com\/da\/om\"},{\"@type\":\"ListItem\",\"position\":3,\"name\":\"Eat the change\"}]},{\"@type\":\"WebSite\",\"@id\":\"https:\/\/enormbiofactory.com\/da#website\",\"url\":\"https:\/\/enormbiofactory.com\/da\",\"name\":\"Enorm\",\"description\":\"\",\"potentialAction\":[{\"@type\":\"SearchAction\",\"target\":{\"@type\":\"EntryPoint\",\"urlTemplate\":\"https:\/\/enormbiofactory.com\/da?s={search_term_string}\"},\"query-input\":{\"@type\":\"PropertyValueSpecification\",\"valueRequired\":true,\"valueName\":\"search_term_string\"}}],\"inLanguage\":\"da-DK\"}]}<\/script>\n<!-- \/ Yoast SEO plugin. -->","yoast_head_json":{"title":"Eat the change - hvorfor producere insekter? - Enorm","description":"B\u00e6redygtige insekter kan im\u00f8dekomme den voksende eftersp\u00f8rgsel p\u00e5 proteiner til fisk, fjerkr\u00e6, svin og mennesker.","robots":{"index":"index","follow":"follow","max-snippet":"max-snippet:-1","max-image-preview":"max-image-preview:large","max-video-preview":"max-video-preview:-1"},"canonical":"https:\/\/enormbiofactory.com\/da\/om\/eat-the-change","og_locale":"da_DK","og_type":"article","og_title":"Eat the change - hvorfor producere insekter? - Enorm","og_description":"B\u00e6redygtige insekter kan im\u00f8dekomme den voksende eftersp\u00f8rgsel p\u00e5 proteiner til fisk, fjerkr\u00e6, svin og mennesker.","og_url":"https:\/\/enormbiofactory.com\/da\/om\/eat-the-change","og_site_name":"Enorm","article_modified_time":"2023-12-05T12:50:58+00:00","og_image":[{"width":2500,"height":2111,"url":"https:\/\/enormbiofactory.com\/wp-content\/uploads\/2023\/11\/Diagram_enorm-Life-cycle.png","type":"image\/png"}],"twitter_card":"summary_large_image","twitter_misc":{"Estimeret l\u00e6setid":"2 minutter"},"schema":{"@context":"https:\/\/schema.org","@graph":[{"@type":"WebPage","@id":"https:\/\/enormbiofactory.com\/da\/om\/eat-the-change","url":"https:\/\/enormbiofactory.com\/da\/om\/eat-the-change","name":"Eat the change - hvorfor producere insekter? - Enorm","isPartOf":{"@id":"https:\/\/enormbiofactory.com\/da#website"},"primaryImageOfPage":{"@id":"https:\/\/enormbiofactory.com\/da\/om\/eat-the-change#primaryimage"},"image":{"@id":"https:\/\/enormbiofactory.com\/da\/om\/eat-the-change#primaryimage"},"thumbnailUrl":"https:\/\/enormbiofactory.com\/wp-content\/uploads\/2023\/11\/Diagram_enorm-Life-cycle.png","datePublished":"2023-11-20T06:57:46+00:00","dateModified":"2023-12-05T12:50:58+00:00","description":"B\u00e6redygtige insekter kan im\u00f8dekomme den voksende eftersp\u00f8rgsel p\u00e5 proteiner til fisk, fjerkr\u00e6, svin og mennesker.","breadcrumb":{"@id":"https:\/\/enormbiofactory.com\/da\/om\/eat-the-change#breadcrumb"},"inLanguage":"da-DK","potentialAction":[{"@type":"ReadAction","target":["https:\/\/enormbiofactory.com\/da\/om\/eat-the-change"]}]},{"@type":"ImageObject","inLanguage":"da-DK","@id":"https:\/\/enormbiofactory.com\/da\/om\/eat-the-change#primaryimage","url":"https:\/\/enormbiofactory.com\/wp-content\/uploads\/2023\/11\/Diagram_enorm-Life-cycle.png","contentUrl":"https:\/\/enormbiofactory.com\/wp-content\/uploads\/2023\/11\/Diagram_enorm-Life-cycle.png","width":2500,"height":2111,"caption":"B\u00e6redygtigt opdr\u00e6t af Black Soldier fluer"},{"@type":"BreadcrumbList","@id":"https:\/\/enormbiofactory.com\/da\/om\/eat-the-change#breadcrumb","itemListElement":[{"@type":"ListItem","position":1,"name":"Home","item":"https:\/\/enormbiofactory.com\/da"},{"@type":"ListItem","position":2,"name":"Om Enorm","item":"https:\/\/enormbiofactory.com\/da\/om"},{"@type":"ListItem","position":3,"name":"Eat the change"}]},{"@type":"WebSite","@id":"https:\/\/enormbiofactory.com\/da#website","url":"https:\/\/enormbiofactory.com\/da","name":"Enorm","description":"","potentialAction":[{"@type":"SearchAction","target":{"@type":"EntryPoint","urlTemplate":"https:\/\/enormbiofactory.com\/da?s={search_term_string}"},"query-input":{"@type":"PropertyValueSpecification","valueRequired":true,"valueName":"search_term_string"}}],"inLanguage":"da-DK"}]}},"_links":{"self":[{"href":"https:\/\/enormbiofactory.com\/da\/wp-json\/wp\/v2\/pages\/112","targetHints":{"allow":["GET"]}}],"collection":[{"href":"https:\/\/enormbiofactory.com\/da\/wp-json\/wp\/v2\/pages"}],"about":[{"href":"https:\/\/enormbiofactory.com\/da\/wp-json\/wp\/v2\/types\/page"}],"author":[{"embeddable":true,"href":"https:\/\/enormbiofactory.com\/da\/wp-json\/wp\/v2\/users\/1"}],"replies":[{"embeddable":true,"href":"https:\/\/enormbiofactory.com\/da\/wp-json\/wp\/v2\/comments?post=112"}],"version-history":[{"count":64,"href":"https:\/\/enormbiofactory.com\/da\/wp-json\/wp\/v2\/pages\/112\/revisions"}],"predecessor-version":[{"id":1417,"href":"https:\/\/enormbiofactory.com\/da\/wp-json\/wp\/v2\/pages\/112\/revisions\/1417"}],"up":[{"embeddable":true,"href":"https:\/\/enormbiofactory.com\/da\/wp-json\/wp\/v2\/pages\/68"}],"wp:featuredmedia":[{"embeddable":true,"href":"https:\/\/enormbiofactory.com\/da\/wp-json\/wp\/v2\/media\/822"}],"wp:attachment":[{"href":"https:\/\/enormbiofactory.com\/da\/wp-json\/wp\/v2\/media?parent=112"}],"curies":[{"name":"wp","href":"https:\/\/api.w.org\/{rel}","templated":true}]}}