{"id":79,"date":"2023-11-19T20:53:56","date_gmt":"2023-11-19T19:53:56","guid":{"rendered":"https:\/\/enormbiofactory.com\/?page_id=79"},"modified":"2023-12-05T14:12:25","modified_gmt":"2023-12-05T13:12:25","slug":"nyheder","status":"publish","type":"page","link":"https:\/\/enormbiofactory.com\/da\/om\/nyheder","title":{"rendered":"Presse"},"content":{"rendered":"\n<div class=\"theme8blocks theme8blocks-loop list cw-auto height-content cp-lightest animate animation-slide-up  image-format-square  alignfull\" id=\"block_23d3d28a37df7ea86b5ec94a20866ae8\" data-columns-largest=\"4\">\n\n    \n    \n        \n\n    \n            <div class=\"grid-container\">\n            <div class=\"grid-x align-center\">\n                <div class=\"cell small-12 medium-10 large-8 xlarge-7\">\n                                            <div class=\"loop-card loop-card-post\">\n\n\t\n\t<div class=\"info\">\n        \t\t\t<div class=\"date\">22. september 2022<\/div>\n\t\t        \n\t\t<a href=\"https:\/\/enormbiofactory.com\/da\/press\/groennere-energiloesninger-oeger-finansieringsrammen-i-kaempe-insektprojekt\">\n\t\t\t<h2>Gr\u00f8nnere energil\u00f8sninger \u00f8ger finansieringsrammen i k\u00e6mpe insektprojekt<\/h2>\t\n\t\t<\/a>\n\n\t\t\n\t\t\t\t\t<div class=\"excerpt\">\n\t\t\t\t<p>Der bliver tilf\u00f8rt flere penge til investeringen i Nordeuropas st\u00f8rste produktionsanl\u00e6g af insektmel. Enorm Biofactory og ejerkredsen bag selskabet har valgt en gr\u00f8nnere energikilde, der skal sikre lavere produktionsomkostninger i produktionen af klimaeffektive proteiner fra larver.<\/p>\n\t\t\t<\/div>\n\t\t\n\t\t\t\t\t<a href=\"https:\/\/enormbiofactory.com\/da\/press\/groennere-energiloesninger-oeger-finansieringsrammen-i-kaempe-insektprojekt\" class=\"read-more button\">L\u00e6s mere<\/a>\n\t\t\t<\/div>\n<\/div>                                            <div class=\"loop-card loop-card-post\">\n\n\t\n\t<div class=\"info\">\n        \t\t\t<div class=\"date\">26. januar 2022<\/div>\n\t\t        \n\t\t<a href=\"https:\/\/enormbiofactory.com\/da\/press\/dlg-bliver-medejer-af-enorm-biofactory-vil-bygge-nordens-storste-insektfabrik\">\n\t\t\t<h2>DLG bliver medejer af Enorm Biofactory: Vil bygge Nordens st\u00f8rste insektfabrik<\/h2>\t\n\t\t<\/a>\n\n\t\t\n\t\t\t\t\t<div class=\"excerpt\">\n\t\t\t\t<p>I 2023 vil Enorm Biofactory \u00e5bne Danmarks f\u00f8rste kommercielle insektproduktion, som samtidig bliver Nordens st\u00f8rste. Det er resultatet af en trecifret millionindspr\u00f8jtning, som flere store akt\u00f8rer st\u00e5r bag, og hvor DLG bliver medejer. Produktionen tilf\u00f8rer ny alternativ proteinkilde til den&hellip;<\/p>\n\t\t\t<\/div>\n\t\t\n\t\t\t\t\t<a href=\"https:\/\/enormbiofactory.com\/da\/press\/dlg-bliver-medejer-af-enorm-biofactory-vil-bygge-nordens-storste-insektfabrik\" class=\"read-more button\">L\u00e6s mere<\/a>\n\t\t\t<\/div>\n<\/div>                                            <div class=\"loop-card loop-card-post\">\n\n\t\n\t<div class=\"info\">\n        \t\t\t<div class=\"date\">14. december 2021<\/div>\n\t\t        \n\t\t<a href=\"https:\/\/enormbiofactory.com\/da\/press\/endelig-kan-niels-gretes-oekologiske-hoensefruer-faa-dansk-insektprotein-men-kun-for-en-kort-stund\">\n\t\t\t<h2>Endelig kan Niels &amp; Gretes \u00f8kologiske h\u00f8nsefruer f\u00e5 dansk insektprotein \u2013 men kun for en kort stund<\/h2>\t\n\t\t<\/a>\n\n\t\t\n\t\t\t\t\t<div class=\"excerpt\">\n\t\t\t\t<p>Niels &amp; Grete har ventet l\u00e6nge p\u00e5 at fodre insektprotein til deres h\u00f8ns. Indtil september 2021 har det nemlig slet ikke v\u00e6ret lovligt at fodre insektprotein til fjerkr\u00e6. Niels har en stor tro p\u00e5 at insekter, fordi det er h\u00f8nsenes&hellip;<\/p>\n\t\t\t<\/div>\n\t\t\n\t\t\t\t\t<a href=\"https:\/\/enormbiofactory.com\/da\/press\/endelig-kan-niels-gretes-oekologiske-hoensefruer-faa-dansk-insektprotein-men-kun-for-en-kort-stund\" class=\"read-more button\">L\u00e6s mere<\/a>\n\t\t\t<\/div>\n<\/div>                                            <div class=\"loop-card loop-card-post\">\n\n\t\n\t<div class=\"info\">\n        \t\t\t<div class=\"date\">17. december 2020<\/div>\n\t\t        \n\t\t<a href=\"https:\/\/enormbiofactory.com\/da\/press\/fluelarver-kraever-godt-klima\">\n\t\t\t<h2>Fluelarver kr\u00e6ver godt klima!<\/h2>\t\n\t\t<\/a>\n\n\t\t\n\t\t\t\t\t<div class=\"excerpt\">\n\t\t\t\t<p>SKOV A\/S, der producerer ventilation, managementsystemer og digitale services til animalsk produktion, har indg\u00e5et et samarbejde med ENORM Biofactory A\/S om at udvikle fremtidens klima- og produktionssystemer til insektfarme. Globalt ventes produktionen af insekter at vokse med 30 &#8211; 40%&hellip;<\/p>\n\t\t\t<\/div>\n\t\t\n\t\t\t\t\t<a href=\"https:\/\/enormbiofactory.com\/da\/press\/fluelarver-kraever-godt-klima\" class=\"read-more button\">L\u00e6s mere<\/a>\n\t\t\t<\/div>\n<\/div>                                    <\/div>\n            <\/div>            \n        <\/div>\n    \n    \n<\/div>","protected":false},"excerpt":{"rendered":"","protected":false},"author":1,"featured_media":0,"parent":68,"menu_order":0,"comment_status":"closed","ping_status":"closed","template":"","meta":{"_acf_changed":false,"footnotes":""},"class_list":["post-79","page","type-page","status-publish","hentry"],"acf":[],"yoast_head":"<!-- This site is optimized with the Yoast SEO plugin v24.1 - https:\/\/yoast.com\/wordpress\/plugins\/seo\/ -->\n<title>Presse - Enorm<\/title>\n<meta name=\"robots\" content=\"index, follow, max-snippet:-1, max-image-preview:large, max-video-preview:-1\" \/>\n<link rel=\"canonical\" href=\"https:\/\/enormbiofactory.com\/da\/om\/nyheder\" \/>\n<meta property=\"og:locale\" content=\"da_DK\" \/>\n<meta property=\"og:type\" content=\"article\" \/>\n<meta property=\"og:title\" content=\"Presse - Enorm\" \/>\n<meta property=\"og:url\" content=\"https:\/\/enormbiofactory.com\/da\/om\/nyheder\" \/>\n<meta property=\"og:site_name\" content=\"Enorm\" \/>\n<meta property=\"article:modified_time\" content=\"2023-12-05T13:12:25+00:00\" \/>\n<meta name=\"twitter:card\" content=\"summary_large_image\" \/>\n<script type=\"application\/ld+json\" class=\"yoast-schema-graph\">{\"@context\":\"https:\/\/schema.org\",\"@graph\":[{\"@type\":\"WebPage\",\"@id\":\"https:\/\/enormbiofactory.com\/da\/om\/nyheder\",\"url\":\"https:\/\/enormbiofactory.com\/da\/om\/nyheder\",\"name\":\"Presse - Enorm\",\"isPartOf\":{\"@id\":\"https:\/\/enormbiofactory.com\/da#website\"},\"datePublished\":\"2023-11-19T19:53:56+00:00\",\"dateModified\":\"2023-12-05T13:12:25+00:00\",\"breadcrumb\":{\"@id\":\"https:\/\/enormbiofactory.com\/da\/om\/nyheder#breadcrumb\"},\"inLanguage\":\"da-DK\",\"potentialAction\":[{\"@type\":\"ReadAction\",\"target\":[\"https:\/\/enormbiofactory.com\/da\/om\/nyheder\"]}]},{\"@type\":\"BreadcrumbList\",\"@id\":\"https:\/\/enormbiofactory.com\/da\/om\/nyheder#breadcrumb\",\"itemListElement\":[{\"@type\":\"ListItem\",\"position\":1,\"name\":\"Home\",\"item\":\"https:\/\/enormbiofactory.com\/da\"},{\"@type\":\"ListItem\",\"position\":2,\"name\":\"Om Enorm\",\"item\":\"https:\/\/enormbiofactory.com\/da\/om\"},{\"@type\":\"ListItem\",\"position\":3,\"name\":\"Presse\"}]},{\"@type\":\"WebSite\",\"@id\":\"https:\/\/enormbiofactory.com\/da#website\",\"url\":\"https:\/\/enormbiofactory.com\/da\",\"name\":\"Enorm\",\"description\":\"\",\"potentialAction\":[{\"@type\":\"SearchAction\",\"target\":{\"@type\":\"EntryPoint\",\"urlTemplate\":\"https:\/\/enormbiofactory.com\/da?s={search_term_string}\"},\"query-input\":{\"@type\":\"PropertyValueSpecification\",\"valueRequired\":true,\"valueName\":\"search_term_string\"}}],\"inLanguage\":\"da-DK\"}]}<\/script>\n<!-- \/ Yoast SEO plugin. -->","yoast_head_json":{"title":"Presse - Enorm","robots":{"index":"index","follow":"follow","max-snippet":"max-snippet:-1","max-image-preview":"max-image-preview:large","max-video-preview":"max-video-preview:-1"},"canonical":"https:\/\/enormbiofactory.com\/da\/om\/nyheder","og_locale":"da_DK","og_type":"article","og_title":"Presse - Enorm","og_url":"https:\/\/enormbiofactory.com\/da\/om\/nyheder","og_site_name":"Enorm","article_modified_time":"2023-12-05T13:12:25+00:00","twitter_card":"summary_large_image","schema":{"@context":"https:\/\/schema.org","@graph":[{"@type":"WebPage","@id":"https:\/\/enormbiofactory.com\/da\/om\/nyheder","url":"https:\/\/enormbiofactory.com\/da\/om\/nyheder","name":"Presse - Enorm","isPartOf":{"@id":"https:\/\/enormbiofactory.com\/da#website"},"datePublished":"2023-11-19T19:53:56+00:00","dateModified":"2023-12-05T13:12:25+00:00","breadcrumb":{"@id":"https:\/\/enormbiofactory.com\/da\/om\/nyheder#breadcrumb"},"inLanguage":"da-DK","potentialAction":[{"@type":"ReadAction","target":["https:\/\/enormbiofactory.com\/da\/om\/nyheder"]}]},{"@type":"BreadcrumbList","@id":"https:\/\/enormbiofactory.com\/da\/om\/nyheder#breadcrumb","itemListElement":[{"@type":"ListItem","position":1,"name":"Home","item":"https:\/\/enormbiofactory.com\/da"},{"@type":"ListItem","position":2,"name":"Om Enorm","item":"https:\/\/enormbiofactory.com\/da\/om"},{"@type":"ListItem","position":3,"name":"Presse"}]},{"@type":"WebSite","@id":"https:\/\/enormbiofactory.com\/da#website","url":"https:\/\/enormbiofactory.com\/da","name":"Enorm","description":"","potentialAction":[{"@type":"SearchAction","target":{"@type":"EntryPoint","urlTemplate":"https:\/\/enormbiofactory.com\/da?s={search_term_string}"},"query-input":{"@type":"PropertyValueSpecification","valueRequired":true,"valueName":"search_term_string"}}],"inLanguage":"da-DK"}]}},"_links":{"self":[{"href":"https:\/\/enormbiofactory.com\/da\/wp-json\/wp\/v2\/pages\/79","targetHints":{"allow":["GET"]}}],"collection":[{"href":"https:\/\/enormbiofactory.com\/da\/wp-json\/wp\/v2\/pages"}],"about":[{"href":"https:\/\/enormbiofactory.com\/da\/wp-json\/wp\/v2\/types\/page"}],"author":[{"embeddable":true,"href":"https:\/\/enormbiofactory.com\/da\/wp-json\/wp\/v2\/users\/1"}],"replies":[{"embeddable":true,"href":"https:\/\/enormbiofactory.com\/da\/wp-json\/wp\/v2\/comments?post=79"}],"version-history":[{"count":15,"href":"https:\/\/enormbiofactory.com\/da\/wp-json\/wp\/v2\/pages\/79\/revisions"}],"predecessor-version":[{"id":1450,"href":"https:\/\/enormbiofactory.com\/da\/wp-json\/wp\/v2\/pages\/79\/revisions\/1450"}],"up":[{"embeddable":true,"href":"https:\/\/enormbiofactory.com\/da\/wp-json\/wp\/v2\/pages\/68"}],"wp:attachment":[{"href":"https:\/\/enormbiofactory.com\/da\/wp-json\/wp\/v2\/media?parent=79"}],"curies":[{"name":"wp","href":"https:\/\/api.w.org\/{rel}","templated":true}]}}