{"id":8,"date":"2023-11-19T09:51:58","date_gmt":"2023-11-19T08:51:58","guid":{"rendered":"https:\/\/enormbiofactory.com\/?page_id=8"},"modified":"2023-12-05T22:12:49","modified_gmt":"2023-12-05T21:12:49","slug":"forside","status":"publish","type":"page","link":"https:\/\/enormbiofactory.com\/da","title":{"rendered":"Forside"},"content":{"rendered":"<div class=\"theme8blocks theme8blocks-frontsplash alignfull\" id=\"block_4a1137bb75985ffbf6df4e52fd25dd04\">\n\n            <div class=\"background\">\n                        \n                            <div class=\"video\"><video id=\"video-block_4a1137bb75985ffbf6df4e52fd25dd04\" playsinline loop muted style=\"opacity: 1;\"><source src=\"https:\/\/enormbiofactory.com\/wp-content\/uploads\/2023\/11\/BlobLoopWeb_compressed.mp4\" type=\"video\/mp4\"><\/video><\/div>                    <\/div>\n    \n    <div class=\"grid-container\">\n        <div class=\"content rellax\" data-rellax-speed=\"-1\">\n                        <h1>Shaping a world<br> of possibilities.<\/h1>\n                        <div class=\"links\"><a href=\"\/da\/om\/eat-the-change\" class=\"button\"><span class=\"clone\"><\/span><span class=\"clone2\"><\/span><span class=\"label\">L\u00e6s mere<\/span><\/a><\/div>        <\/div>        \n    <\/div>\n\n<\/div>\n\n<div class=\"theme8blocks theme8blocks-spacer  \" ><\/div>\n\n<div class=\"lines lines-01\"><img decoding=\"async\" src=\"\/wp-content\/plugins\/theme8blocks\/images\/lines-01.png\" class=\"rellax\" data-rellax-speed=\"-2\" alt=\"\"><\/div><div class=\"theme8blocks theme8blocks-collage  lines-01\" id=\"block_f08c9e727244affa8434980b5436d5fb\">\n    <div class=\"grid-container\">\n        <div class=\"grid-x grid-margin-x\">\n            \n            <div class=\"cell small-12 medium-6 xlarge-5 rellax\" \n                data-rellax-speed=\"1\"\n                data-rellax-xs-speed=\"0\"\n                data-rellax-mobile-speed=\"0\"\n                data-rellax-tablet-speed=\"1\"\n                data-rellax-desktop-speed=\"1\">\n                                    <div class=\"intro-text\"><p>Black Soldier Fly larven kan spille en afg\u00f8rende rolle for en gr\u00f8n udvikling af vores landbrug og f\u00f8devareindustri<\/p>\n<\/div>\n                                <div class=\"image image-02 in-view-watcher\">\n                    <img loading=\"lazy\" decoding=\"async\" width=\"788\" height=\"825\" src=\"https:\/\/enormbiofactory.com\/wp-content\/uploads\/2023\/11\/forside-collage-02.jpg\" class=\"attachment-large size-large\" alt=\"\" srcset=\"https:\/\/enormbiofactory.com\/wp-content\/uploads\/2023\/11\/forside-collage-02.jpg 788w, https:\/\/enormbiofactory.com\/wp-content\/uploads\/2023\/11\/forside-collage-02-764x800.jpg 764w, https:\/\/enormbiofactory.com\/wp-content\/uploads\/2023\/11\/forside-collage-02-768x804.jpg 768w\" sizes=\"auto, (max-width: 788px) 100vw, 788px\" \/>                    <div class=\"gradient-left\"><\/div>\n                <\/div>\n            <\/div>\n\n            <div class=\"cell small-12 medium-6 xlarge-6 xlarge-offset-1 rellax\" \n                data-rellax-speed=\"-1\"\n                data-rellax-xs-speed=\"0\"\n                data-rellax-mobile-speed=\"0\"\n                data-rellax-tablet-speed=\"-1\"\n                data-rellax-desktop-speed=\"-1\">\n                \n                                    <div class=\"text\"><p>Med udsigt til klimaforandringer og en voksende verdens befolkning har effektiv genbrug og b\u00e6redygtig f\u00f8devareproduktion aldrig v\u00e6ret vigtigere. For at reducere den byrde f\u00f8devareproduktionen har p\u00e5 vores naturlige ressourcer, kan Black Soldier Fly larven komme til at spille en afg\u00f8rende rolle. Black soldier fly larver kan leve af reststr\u00f8mme fra f\u00f8devareindustrien og konvertere dem til sunde og b\u00e6redygtige ingredienser til foder og f\u00f8devarer.<\/p>\n<\/div>\n                                \n                     \n                <div class=\"image image-01 in-view-watcher\">\n                    <img loading=\"lazy\" decoding=\"async\" width=\"1354\" height=\"648\" src=\"https:\/\/enormbiofactory.com\/wp-content\/uploads\/2023\/11\/topbar-black-soldier-fly.jpg\" class=\"attachment-large size-large\" alt=\"Black Soldier flue\" srcset=\"https:\/\/enormbiofactory.com\/wp-content\/uploads\/2023\/11\/topbar-black-soldier-fly.jpg 1354w, https:\/\/enormbiofactory.com\/wp-content\/uploads\/2023\/11\/topbar-black-soldier-fly-800x383.jpg 800w, https:\/\/enormbiofactory.com\/wp-content\/uploads\/2023\/11\/topbar-black-soldier-fly-768x368.jpg 768w\" sizes=\"auto, (max-width: 1354px) 100vw, 1354px\" \/>                    <div class=\"gradient-right\"><\/div>\n                <\/div>\n\n                <div class=\"image graphics in-view-watcher\">\n                                            <svg enable-background=\"new 0 0 119.6 109.5\" viewBox=\"0 0 119.6 109.5\" xmlns=\"http:\/\/www.w3.org\/2000\/svg\" xmlns:xlink=\"http:\/\/www.w3.org\/1999\/xlink\"><clipPath id=\"a-fly\"><path d=\"m60.9 47.9s-3 15.7-3.3 19.1.2 6.7 3.7 13.4 5.1 8.6 5.9 9.7 2.6 3.7 6 2.3 3-4.6 2.3-7.6-10.9-38.3-10.9-38.3z\"\/><\/clipPath><linearGradient id=\"b\"><stop offset=\"0\" stop-color=\"#6a3bcd\"\/><stop offset=\".01\" stop-color=\"#6a3bcd\"\/><stop offset=\".52\" stop-color=\"#7ebbbe\"\/><stop offset=\"1\" stop-color=\"#e1f766\"\/><\/linearGradient><linearGradient id=\"c\" gradientTransform=\"matrix(-14.73 0 0 14.73 -5653.7754 -11559.9961)\" gradientUnits=\"userSpaceOnUse\" x1=\"-388.8082\" x2=\"-387.8082\" xlink:href=\"#b\" y1=\"789.5533\" y2=\"789.5533\"\/><clipPath id=\"d\"><path d=\"m32.5 84.7c-.7 3-1.1 6.2 2.3 7.6s5.2-1.2 6-2.3 2.3-3 5.9-9.7c3.5-6.7 4.1-10 3.7-13.4-.3-3.3-3.3-18.9-3.3-18.9l-3.7-1.5s-10.2 35.2-10.9 38.2\"\/><\/clipPath><linearGradient id=\"e\" gradientUnits=\"userSpaceOnUse\" x1=\"32.0744\" x2=\"50.5744\" xlink:href=\"#b\" y1=\"70.12435\" y2=\"70.12435\"\/><path d=\"m108.5 55.7c.2-11.6-3.3-23.3-10.8-33.2-17.9-23.8-51.6-28.5-75.3-10.6-23.7 17.8-28.4 51.5-10.5 75.2s51.6 28.4 75.3 10.6c11.5-8.7 18.6-21.1 20.7-34.3\" fill=\"none\" stroke=\"#020136\" stroke-linecap=\"round\" stroke-linejoin=\"round\" stroke-width=\"1.5\"\/><path d=\"m118.6 45.8-9.8 10.5-10.4-9.2\" fill=\"none\" stroke=\"#020136\" stroke-linecap=\"round\" stroke-width=\"1.5\"\/><g class=\"fly\" clip-path=\"url(#a-fly)\"><path d=\"m57.1 46.5h19.4v47.3h-19.4z\" fill=\"url(#c)\"\/><\/g><g class=\"fly\" clip-path=\"url(#d)\"><path d=\"m31.4 46.5h19.4v47.3h-19.4z\" fill=\"url(#e)\"\/><\/g><g class=\"fly\" fill=\"none\" stroke=\"#020136\" stroke-linejoin=\"round\" stroke-width=\"1.5\"><path d=\"m61.4 46c0-4-3.2-7.2-7.2-7.2s-7.2 3.2-7.2 7.2\" stroke-linecap=\"round\"\/><path d=\"m47.7 40.2c2.1.6 2.4-1.2 3-3.3.6-2.2 1.4-3.8-.7-4.4s-4.4.6-5 2.7c-.7 2.1.6 4.4 2.7 5z\"\/><path d=\"m58.1 32.5c-2.1.6-1.3 2.3-.7 4.5s.9 4 3 3.3c2.1-.6 3.4-2.9 2.7-5-.6-2.2-2.9-3.5-5-2.8z\"\/><path d=\"m50.4 21.2.5 11.5s.6-1.8 3.4-1.8c2.4 0 3 1.8 3 1.8l.7-11.5\" stroke-linecap=\"round\"\/><path d=\"m46.4 46 3.7 1.5s3 15.7 3.3 19.1-.2 6.7-3.7 13.4-5.1 8.6-5.8 9.7c-.8 1.1-2.6 3.7-6 2.3s-3-4.6-2.3-7.6 10.8-38.4 10.8-38.4z\"\/><path d=\"m61.9 46-3.7 1.5s-3 15.7-3.3 19.1.2 6.7 3.7 13.4 5.1 8.6 5.9 9.7 2.6 3.7 6 2.3 3-4.6 2.3-7.6c-.7-3.2-10.9-38.4-10.9-38.4z\"\/><path d=\"m49.8 47.6s1.6-1 4.4-1 4 1 4 1\"\/><path d=\"m49.6 79.8.9 6.5s1.9.7 3.6.7 3.4-.7 3.4-.7l.8-6.2\"\/><g stroke-linecap=\"round\"><path d=\"m44 52.4-6.2 2.6-1.1 11.2-11.3 16.9\"\/><path d=\"m64 52.4 6.2 2.6 1 11.2 11.4 16.9\"\/><path d=\"m45.7 47.1-6.8-1.7s-.5-3.7-4.4-6.3l-9.2-4\"\/><path d=\"m62.1 47.1 6.8-1.7s.6-3.7 4.4-6.3l9.2-4\"\/><path d=\"m47.1 44.3-7-6.3-3.9-11.3-.8-9.1\"\/><path d=\"m61.4 44.3 7-6.3 3.9-11.3.8-9.1\"\/><\/g><\/g><\/svg>\n                                    <\/div>\n\n            <\/div>\n\n        <\/div>\n    <\/div>        \n<\/div>\n\n<div class=\"theme8blocks theme8blocks-spacer  \" ><\/div>\n\n<div class=\"theme8blocks theme8blocks-skewedteasercolumns alignfull cp-gradient height-large\" id=\"block_33c614417cc5ed5a1054551f89a98a10\">\n\n    <div class=\"grid-container\">\n        \n        <h2 class=\"section-title\">Vores produkter<\/h2>\n        <div class=\"grid-x grid-margin-x grid-margin-y\">\n                            <div class=\"cell small-12 medium-6 in-view-watcher\">\n                    <div class=\"teaser-card\">\n                        <div class=\"image\">                        \n                                                        <img loading=\"lazy\" decoding=\"async\" width=\"1380\" height=\"1600\" src=\"https:\/\/enormbiofactory.com\/wp-content\/uploads\/2023\/12\/insektmel-01-1380x1600.jpg\" class=\"attachment-large size-large\" alt=\"\" srcset=\"https:\/\/enormbiofactory.com\/wp-content\/uploads\/2023\/12\/insektmel-01-1380x1600.jpg 1380w, https:\/\/enormbiofactory.com\/wp-content\/uploads\/2023\/12\/insektmel-01-690x800.jpg 690w, https:\/\/enormbiofactory.com\/wp-content\/uploads\/2023\/12\/insektmel-01-768x891.jpg 768w, https:\/\/enormbiofactory.com\/wp-content\/uploads\/2023\/12\/insektmel-01-1325x1536.jpg 1325w, https:\/\/enormbiofactory.com\/wp-content\/uploads\/2023\/12\/insektmel-01-1766x2048.jpg 1766w\" sizes=\"auto, (max-width: 1380px) 100vw, 1380px\" \/>                            \n                        <\/div>                        <div class=\"info\">\n                            <div class=\"top\">\n                                <h3>Insektmel<\/h3>                                <div class=\"text\">Insektmel er animalsk protein som kan bruges til at substituere fiskemel. I dag bliver produktet fortsat optimeret og testet hos Enorm, og findes kun i mindre m\u00e6ngder.<\/div>                            <\/div>\n                            <div class=\"bottom\">\n                                                            <\/div>\n                        <\/div>\n                    <\/div>\n                <\/div>\n                            <div class=\"cell small-12 medium-6 in-view-watcher\">\n                    <div class=\"teaser-card\">\n                        <div class=\"image\">                        \n                                                        <img loading=\"lazy\" decoding=\"async\" width=\"1380\" height=\"1600\" src=\"https:\/\/enormbiofactory.com\/wp-content\/uploads\/2023\/12\/insektolie-01-1380x1600.jpg\" class=\"attachment-large size-large\" alt=\"\" srcset=\"https:\/\/enormbiofactory.com\/wp-content\/uploads\/2023\/12\/insektolie-01-1380x1600.jpg 1380w, https:\/\/enormbiofactory.com\/wp-content\/uploads\/2023\/12\/insektolie-01-690x800.jpg 690w, https:\/\/enormbiofactory.com\/wp-content\/uploads\/2023\/12\/insektolie-01-768x891.jpg 768w, https:\/\/enormbiofactory.com\/wp-content\/uploads\/2023\/12\/insektolie-01-1325x1536.jpg 1325w, https:\/\/enormbiofactory.com\/wp-content\/uploads\/2023\/12\/insektolie-01-1766x2048.jpg 1766w\" sizes=\"auto, (max-width: 1380px) 100vw, 1380px\" \/>                            \n                        <\/div>                        <div class=\"info\">\n                            <div class=\"top\">\n                                <h3>Insektolie<\/h3>                                <div class=\"text\">Insektolien er en m\u00e6ttet fedt og har et h\u00f8jt indhold af laurinsyre, hvilket har vist sig at have en immunstimulerende effekt.<\/div>                            <\/div>\n                            <div class=\"bottom\">\n                                                            <\/div>\n                        <\/div>\n                    <\/div>\n                <\/div>\n                    <\/div>\n    <\/div>\n\n<\/div>\n<div class=\"sphere sphere-left-bottom\"><\/div>\n\n<div class=\"theme8blocks theme8blocks-spacer  \" ><\/div>\n\n<div class=\"lines lines-02\"><img decoding=\"async\" src=\"\/wp-content\/plugins\/theme8blocks\/images\/lines-01.png\" alt=\"\" class=\"rellax\" data-rellax-speed=\"1\"><\/div><div class=\"theme8blocks theme8blocks-texttwocols  no-image-border   cp-lightest height-content push-down-text \" id=\"block_ee0863a191cae9f5237b5dba16c8c84d\">    \n\t<div class=\"grid-container\">\n        <div class=\"acf-innerblocks-container\">\n\n<div class=\"wp-block-group\"><div class=\"wp-block-group__inner-container\">\n<h2 class=\"wp-block-heading\">Hvorfor er<br>insektproduktion b\u00e6redygtigt?<\/h2>\n\n\n\n<p>B\u00e6redygtige insekter kan im\u00f8dekomme den voksende eftersp\u00f8rgsel p\u00e5 proteiner til fisk, fjerkr\u00e6, svin og mennesker. Eat the change you want to see in the world!<\/p>\n\n\n\n<div class=\"wp-block-buttons\">\n<div class=\"wp-block-button\"><a class=\"wp-block-button__link wp-element-button\" href=\"\/da\/om\/eat-the-change\">L\u00e6s mere<\/a><\/div>\n<\/div>\n<\/div><\/div>\n\n\n\n<div class=\"wp-block-group\"><div class=\"wp-block-group__inner-container\">\n<figure class=\"wp-block-image size-full\"><img loading=\"lazy\" decoding=\"async\" width=\"904\" height=\"859\" src=\"https:\/\/enormbiofactory.com\/wp-content\/uploads\/2023\/11\/ENORM-circular-value-chain-RGB-EN.png\" alt=\"B\u00e6redygtig insektproduktion\" class=\"wp-image-332\" srcset=\"https:\/\/enormbiofactory.com\/wp-content\/uploads\/2023\/11\/ENORM-circular-value-chain-RGB-EN.png 904w, https:\/\/enormbiofactory.com\/wp-content\/uploads\/2023\/11\/ENORM-circular-value-chain-RGB-EN-800x760.png 800w, https:\/\/enormbiofactory.com\/wp-content\/uploads\/2023\/11\/ENORM-circular-value-chain-RGB-EN-768x730.png 768w\" sizes=\"auto, (max-width: 904px) 100vw, 904px\" \/><\/figure>\n<\/div><\/div>\n\n<\/div>\n\t<\/div>             \n<\/div>\n<div class=\"sphere sphere-right-bottom\"><\/div>\n\n<div class=\"theme8blocks theme8blocks-spacer large \" ><\/div>\n\n<div class=\"theme8blocks theme8blocks-ctabar \" id=\"block_0544092e27e4b0f8b8280dd338d8a0a9\">    \n    <div class=\"acf-innerblocks-container\">\n\n<div class=\"wp-block-group\"><div class=\"wp-block-group__inner-container\">\n<h2 class=\"wp-block-heading\">Fyrt\u00e5rnsprojektet<\/h2>\n\n\n\n<p>Enorm er hovedans\u00f8ger p\u00e5 et Fyrt\u00e5rnsprojekt som Milj\u00f8styrelsen st\u00f8tter med 15,9 mio kr. Projektet omfatter bl.a. etablering af vores testfaciliteter, skalering af fabrikken og udvikling af insektingredienser til fiskefoder.<\/p>\n<\/div><\/div>\n\n\n\n<div class=\"wp-block-group\"><div class=\"wp-block-group__inner-container\">\n<figure class=\"wp-block-image size-full\"><img loading=\"lazy\" decoding=\"async\" width=\"380\" height=\"114\" src=\"https:\/\/enormbiofactory.com\/wp-content\/uploads\/2023\/11\/miljoe-og-foedevareministeriet-miljoestyrelsen.png\" alt=\"Milj\u00f8- og F\u00f8devareministeriet - Milj\u00f8styrelsen\" class=\"wp-image-424\"\/><\/figure>\n<\/div><\/div>\n\n\n\n<div class=\"wp-block-buttons\">\n<div class=\"wp-block-button\"><a class=\"wp-block-button__link wp-element-button\" href=\"\/da\/partnere-projekter\/fyrtaarnsprojekt\">L\u00e6s mere<\/a><\/div>\n<\/div>\n\n<\/div>\n<\/div>\n\n<div class=\"theme8blocks theme8blocks-spacer  \" ><\/div>\n\n<div class=\"theme8blocks theme8blocks-layout theme8blocks-section height-content cp-lightest cw-auto   alignfull\" id=\"block_3a3540c31958ae0abc9e8aeb8d298428\">    \n    \n        \n\n    \t<div class=\"grid-container\">\n\t\t<div class=\"acf-innerblocks-container\">\n\n<div class=\"wp-block-columns\">\n<div class=\"wp-block-column\">\n<h2 class=\"wp-block-heading\">F\u00f8lg os p\u00e5 Linkedin<\/h2>\n\n\n\n<p>Dyk ned i vores vision og v\u00e6re med til at forme fremtiden for b\u00e6redygtig f\u00f8devareproduktion!  #B\u00e6redygtighed #Innovation #Biofactory #BlackSoldierFly #FremtidensF\u00f8devareproduktion<\/p>\n<\/div>\n\n\n\n<div class=\"wp-block-column\"><\/div>\n<\/div>\n\n<\/div>\n\t<\/div>     \n<\/div>\n\n\n<div class=\"theme8blocks theme8blocks-spacer small \" ><\/div>\n\n<div class=\"theme8blocks theme8blocks-layout theme8blocks-section height-content cp-lightest cw-auto animate animation-slide-up  alignfull\" id=\"block_01c84b9e398c017549d67061853a2eeb\">    \n    \n        \n\n    \t<div class=\"grid-container\">\n\t\t<div class=\"acf-innerblocks-container\">\n\n<script src=\"https:\/\/static.elfsight.com\/platform\/platform.js\" data-use-service-core defer><\/script>\n<div class=\"elfsight-app-bf28414a-5cf3-4534-bc4e-a5baef8c2ae5\" data-elfsight-app-lazy><\/div>\n\n<\/div>\n\t<\/div>     \n<\/div>\n","protected":false},"excerpt":{"rendered":"","protected":false},"author":1,"featured_media":139,"parent":0,"menu_order":0,"comment_status":"closed","ping_status":"closed","template":"","meta":{"_acf_changed":false,"footnotes":""},"class_list":["post-8","page","type-page","status-publish","has-post-thumbnail","hentry"],"acf":[],"yoast_head":"<!-- This site is optimized with the Yoast SEO plugin v24.1 - https:\/\/yoast.com\/wordpress\/plugins\/seo\/ -->\n<title>Enorm - larver til gr\u00f8n udvikling af landbrugs- og f\u00f8devareindustrien<\/title>\n<meta name=\"description\" content=\"Black Soldier Fly larven kan spille en afg\u00f8rende rolle for en gr\u00f8n udvikling af vores landbrug og f\u00f8devareindustri.\" \/>\n<meta name=\"robots\" content=\"index, follow, max-snippet:-1, max-image-preview:large, max-video-preview:-1\" \/>\n<link rel=\"canonical\" href=\"https:\/\/enormbiofactory.com\/da\" \/>\n<meta property=\"og:locale\" content=\"da_DK\" \/>\n<meta property=\"og:type\" content=\"article\" \/>\n<meta property=\"og:title\" content=\"Enorm - larver til gr\u00f8n udvikling af landbrugs- og f\u00f8devareindustrien\" \/>\n<meta property=\"og:description\" content=\"Black Soldier Fly larven kan spille en afg\u00f8rende rolle for en gr\u00f8n udvikling af vores landbrug og f\u00f8devareindustri.\" \/>\n<meta property=\"og:url\" content=\"https:\/\/enormbiofactory.com\/da\" \/>\n<meta property=\"og:site_name\" content=\"Enorm\" \/>\n<meta property=\"article:modified_time\" content=\"2023-12-05T21:12:49+00:00\" \/>\n<meta property=\"og:image\" content=\"https:\/\/enormbiofactory.com\/wp-content\/uploads\/2023\/11\/topbar-black-soldier-fly.jpg\" \/>\n\t<meta property=\"og:image:width\" content=\"1354\" \/>\n\t<meta property=\"og:image:height\" content=\"648\" \/>\n\t<meta property=\"og:image:type\" content=\"image\/jpeg\" \/>\n<meta name=\"twitter:card\" content=\"summary_large_image\" \/>\n<meta name=\"twitter:label1\" content=\"Estimeret l\u00e6setid\" \/>\n\t<meta name=\"twitter:data1\" content=\"1 minut\" \/>\n<script type=\"application\/ld+json\" class=\"yoast-schema-graph\">{\"@context\":\"https:\/\/schema.org\",\"@graph\":[{\"@type\":\"WebPage\",\"@id\":\"https:\/\/enormbiofactory.com\/da\",\"url\":\"https:\/\/enormbiofactory.com\/da\",\"name\":\"Enorm - larver til gr\u00f8n udvikling af landbrugs- og f\u00f8devareindustrien\",\"isPartOf\":{\"@id\":\"https:\/\/enormbiofactory.com\/da#website\"},\"primaryImageOfPage\":{\"@id\":\"https:\/\/enormbiofactory.com\/da#primaryimage\"},\"image\":{\"@id\":\"https:\/\/enormbiofactory.com\/da#primaryimage\"},\"thumbnailUrl\":\"https:\/\/enormbiofactory.com\/wp-content\/uploads\/2023\/11\/topbar-black-soldier-fly.jpg\",\"datePublished\":\"2023-11-19T08:51:58+00:00\",\"dateModified\":\"2023-12-05T21:12:49+00:00\",\"description\":\"Black Soldier Fly larven kan spille en afg\u00f8rende rolle for en gr\u00f8n udvikling af vores landbrug og f\u00f8devareindustri.\",\"breadcrumb\":{\"@id\":\"https:\/\/enormbiofactory.com\/da#breadcrumb\"},\"inLanguage\":\"da-DK\",\"potentialAction\":[{\"@type\":\"ReadAction\",\"target\":[\"https:\/\/enormbiofactory.com\/da\"]}]},{\"@type\":\"ImageObject\",\"inLanguage\":\"da-DK\",\"@id\":\"https:\/\/enormbiofactory.com\/da#primaryimage\",\"url\":\"https:\/\/enormbiofactory.com\/wp-content\/uploads\/2023\/11\/topbar-black-soldier-fly.jpg\",\"contentUrl\":\"https:\/\/enormbiofactory.com\/wp-content\/uploads\/2023\/11\/topbar-black-soldier-fly.jpg\",\"width\":1354,\"height\":648,\"caption\":\"Black Soldier flue\"},{\"@type\":\"BreadcrumbList\",\"@id\":\"https:\/\/enormbiofactory.com\/da#breadcrumb\",\"itemListElement\":[{\"@type\":\"ListItem\",\"position\":1,\"name\":\"Home\",\"item\":\"https:\/\/enormbiofactory.com\/da\"},{\"@type\":\"ListItem\",\"position\":2,\"name\":\"Forside\"}]},{\"@type\":\"WebSite\",\"@id\":\"https:\/\/enormbiofactory.com\/da#website\",\"url\":\"https:\/\/enormbiofactory.com\/da\",\"name\":\"Enorm\",\"description\":\"\",\"potentialAction\":[{\"@type\":\"SearchAction\",\"target\":{\"@type\":\"EntryPoint\",\"urlTemplate\":\"https:\/\/enormbiofactory.com\/da?s={search_term_string}\"},\"query-input\":{\"@type\":\"PropertyValueSpecification\",\"valueRequired\":true,\"valueName\":\"search_term_string\"}}],\"inLanguage\":\"da-DK\"}]}<\/script>\n<!-- \/ Yoast SEO plugin. -->","yoast_head_json":{"title":"Enorm - larver til gr\u00f8n udvikling af landbrugs- og f\u00f8devareindustrien","description":"Black Soldier Fly larven kan spille en afg\u00f8rende rolle for en gr\u00f8n udvikling af vores landbrug og f\u00f8devareindustri.","robots":{"index":"index","follow":"follow","max-snippet":"max-snippet:-1","max-image-preview":"max-image-preview:large","max-video-preview":"max-video-preview:-1"},"canonical":"https:\/\/enormbiofactory.com\/da","og_locale":"da_DK","og_type":"article","og_title":"Enorm - larver til gr\u00f8n udvikling af landbrugs- og f\u00f8devareindustrien","og_description":"Black Soldier Fly larven kan spille en afg\u00f8rende rolle for en gr\u00f8n udvikling af vores landbrug og f\u00f8devareindustri.","og_url":"https:\/\/enormbiofactory.com\/da","og_site_name":"Enorm","article_modified_time":"2023-12-05T21:12:49+00:00","og_image":[{"width":1354,"height":648,"url":"https:\/\/enormbiofactory.com\/wp-content\/uploads\/2023\/11\/topbar-black-soldier-fly.jpg","type":"image\/jpeg"}],"twitter_card":"summary_large_image","twitter_misc":{"Estimeret l\u00e6setid":"1 minut"},"schema":{"@context":"https:\/\/schema.org","@graph":[{"@type":"WebPage","@id":"https:\/\/enormbiofactory.com\/da","url":"https:\/\/enormbiofactory.com\/da","name":"Enorm - larver til gr\u00f8n udvikling af landbrugs- og f\u00f8devareindustrien","isPartOf":{"@id":"https:\/\/enormbiofactory.com\/da#website"},"primaryImageOfPage":{"@id":"https:\/\/enormbiofactory.com\/da#primaryimage"},"image":{"@id":"https:\/\/enormbiofactory.com\/da#primaryimage"},"thumbnailUrl":"https:\/\/enormbiofactory.com\/wp-content\/uploads\/2023\/11\/topbar-black-soldier-fly.jpg","datePublished":"2023-11-19T08:51:58+00:00","dateModified":"2023-12-05T21:12:49+00:00","description":"Black Soldier Fly larven kan spille en afg\u00f8rende rolle for en gr\u00f8n udvikling af vores landbrug og f\u00f8devareindustri.","breadcrumb":{"@id":"https:\/\/enormbiofactory.com\/da#breadcrumb"},"inLanguage":"da-DK","potentialAction":[{"@type":"ReadAction","target":["https:\/\/enormbiofactory.com\/da"]}]},{"@type":"ImageObject","inLanguage":"da-DK","@id":"https:\/\/enormbiofactory.com\/da#primaryimage","url":"https:\/\/enormbiofactory.com\/wp-content\/uploads\/2023\/11\/topbar-black-soldier-fly.jpg","contentUrl":"https:\/\/enormbiofactory.com\/wp-content\/uploads\/2023\/11\/topbar-black-soldier-fly.jpg","width":1354,"height":648,"caption":"Black Soldier flue"},{"@type":"BreadcrumbList","@id":"https:\/\/enormbiofactory.com\/da#breadcrumb","itemListElement":[{"@type":"ListItem","position":1,"name":"Home","item":"https:\/\/enormbiofactory.com\/da"},{"@type":"ListItem","position":2,"name":"Forside"}]},{"@type":"WebSite","@id":"https:\/\/enormbiofactory.com\/da#website","url":"https:\/\/enormbiofactory.com\/da","name":"Enorm","description":"","potentialAction":[{"@type":"SearchAction","target":{"@type":"EntryPoint","urlTemplate":"https:\/\/enormbiofactory.com\/da?s={search_term_string}"},"query-input":{"@type":"PropertyValueSpecification","valueRequired":true,"valueName":"search_term_string"}}],"inLanguage":"da-DK"}]}},"_links":{"self":[{"href":"https:\/\/enormbiofactory.com\/da\/wp-json\/wp\/v2\/pages\/8","targetHints":{"allow":["GET"]}}],"collection":[{"href":"https:\/\/enormbiofactory.com\/da\/wp-json\/wp\/v2\/pages"}],"about":[{"href":"https:\/\/enormbiofactory.com\/da\/wp-json\/wp\/v2\/types\/page"}],"author":[{"embeddable":true,"href":"https:\/\/enormbiofactory.com\/da\/wp-json\/wp\/v2\/users\/1"}],"replies":[{"embeddable":true,"href":"https:\/\/enormbiofactory.com\/da\/wp-json\/wp\/v2\/comments?post=8"}],"version-history":[{"count":293,"href":"https:\/\/enormbiofactory.com\/da\/wp-json\/wp\/v2\/pages\/8\/revisions"}],"predecessor-version":[{"id":1509,"href":"https:\/\/enormbiofactory.com\/da\/wp-json\/wp\/v2\/pages\/8\/revisions\/1509"}],"wp:featuredmedia":[{"embeddable":true,"href":"https:\/\/enormbiofactory.com\/da\/wp-json\/wp\/v2\/media\/139"}],"wp:attachment":[{"href":"https:\/\/enormbiofactory.com\/da\/wp-json\/wp\/v2\/media?parent=8"}],"curies":[{"name":"wp","href":"https:\/\/api.w.org\/{rel}","templated":true}]}}