{"id":91,"date":"2023-11-19T20:57:03","date_gmt":"2023-11-19T19:57:03","guid":{"rendered":"https:\/\/enormbiofactory.com\/?page_id=91"},"modified":"2023-12-05T19:33:34","modified_gmt":"2023-12-05T18:33:34","slug":"flycloud","status":"publish","type":"page","link":"https:\/\/enormbiofactory.com\/da\/partnere-projekter\/flycloud","title":{"rendered":"Flycloud"},"content":{"rendered":"<div class=\"lines lines-03\"><img decoding=\"async\" src=\"\/wp-content\/plugins\/theme8blocks\/images\/lines-01.png\" alt=\"\" class=\"rellax\" data-rellax-speed=\"-2\"><\/div><div class=\"theme8blocks theme8blocks-texttwocols  image-gradient-border   cp-lightest height-content  \" id=\"block_7bd32ccebc7cb79d26d81c695deb3015\">    \n\t<div class=\"grid-container\">\n        <div class=\"acf-innerblocks-container\">\n\n<div class=\"wp-block-group\"><div class=\"wp-block-group__inner-container\">\n<h2 class=\"wp-block-heading\">GUDP projekt &#8211; Digitalisering af insektproduktion. <\/h2>\n\n\n\n<p id=\"yui_3_17_2_1_1701347528877_160\">Der er behov for en effektiv indsamling af data og \u00f8get dokumentation af produktionsparametre, for at opn\u00e5 en struktureret udvikling, stabil produktion og sikre \u00f8konomisk og milj\u00f8m\u00e6ssig b\u00e6redygtighed i produktionen af Black Soldier Fly larver.<\/p>\n\n\n\n<p>I projektet vil vi derfor udvikle og demonstrere et digitalt v\u00e6rkt\u00f8j baseret p\u00e5 Cloud-teknologi, der samler og systematiserer data i en produktion af BSF (Black Soldier Fly) larver. Med v\u00e6rkt\u00f8jet kan vi indsamle realtime data om produktionsforhold og klimap\u00e5virkning, og styre produktionen efter KPI&#8217;er (Key performance indicators).<\/p>\n\n\n\n<p>Forskning i insekternes metabolisme vha indirekte kalorimetri, vil afd\u00e6kke sammenh\u00e6ngen mellem gasm\u00e5linger og KPI\u2019er, samt unders\u00f8ge korrelationer mellem produktionsdata. Resultaterne vil anvendes i Flycloud til at m\u00e5lrette v\u00e6rkt\u00f8jet, og samtidig give ny viden til optimeringen af foder til BSF larver, som kan inkorporeres direkte i v\u00e6rkt\u00f8jet.<\/p>\n\n\n\n<p>Projektet vil resultere i et markedsklart koncept til digitalisering af insektproduktioner baseret p\u00e5 en forbedret biologisk indsigt. Konceptets evne som v\u00e6rkt\u00f8j til optimering og produktionsstyring vil v\u00e6re gennemtestet og dokumenteret.<\/p>\n<\/div><\/div>\n\n\n\n<div class=\"wp-block-group\"><div class=\"wp-block-group__inner-container\">\n<figure class=\"wp-block-image size-large\"><img loading=\"lazy\" decoding=\"async\" width=\"1600\" height=\"773\" src=\"https:\/\/enormbiofactory.com\/wp-content\/uploads\/2023\/11\/flies-1600x773.jpeg\" alt=\"\" class=\"wp-image-1144\" srcset=\"https:\/\/enormbiofactory.com\/wp-content\/uploads\/2023\/11\/flies-1600x773.jpeg 1600w, https:\/\/enormbiofactory.com\/wp-content\/uploads\/2023\/11\/flies-800x387.jpeg 800w, https:\/\/enormbiofactory.com\/wp-content\/uploads\/2023\/11\/flies-768x371.jpeg 768w, https:\/\/enormbiofactory.com\/wp-content\/uploads\/2023\/11\/flies-1536x742.jpeg 1536w, https:\/\/enormbiofactory.com\/wp-content\/uploads\/2023\/11\/flies-2048x990.jpeg 2048w\" sizes=\"auto, (max-width: 1600px) 100vw, 1600px\" \/><figcaption class=\"wp-element-caption\">Enorm Biofactory A\/S, Consibio Aps og Aarhus Universitet har modtaget en bevilling p\u00e5 kr. 6.806.772 fra Gr\u00f8nt Udviklings- og Demonstrationsprogram (GUDP)<\/figcaption><\/figure>\n<\/div><\/div>\n\n<\/div>\n\t<\/div>             \n<\/div>\n\n\n<div class=\"theme8blocks theme8blocks-spacer small \" ><\/div>\n\n<div class=\"theme8blocks theme8blocks-spacer custom hide-for-medium hide-for-medium\" style=\"height: 100px;\"><\/div>\n\n\n<figure class=\"wp-block-image size-full is-resized\"><img loading=\"lazy\" decoding=\"async\" width=\"436\" height=\"416\" src=\"https:\/\/enormbiofactory.com\/wp-content\/uploads\/2023\/11\/fly-cage-icon.png\" alt=\"\" class=\"wp-image-1337\" style=\"width:230px;height:auto\"\/><\/figure>\n","protected":false},"excerpt":{"rendered":"","protected":false},"author":1,"featured_media":0,"parent":89,"menu_order":0,"comment_status":"closed","ping_status":"closed","template":"","meta":{"_acf_changed":false,"footnotes":""},"class_list":["post-91","page","type-page","status-publish","hentry"],"acf":[],"yoast_head":"<!-- This site is optimized with the Yoast SEO plugin v24.1 - https:\/\/yoast.com\/wordpress\/plugins\/seo\/ -->\n<title>Flycloud - Digitalisering af insektproduktion - Enorm<\/title>\n<meta name=\"description\" content=\"Enorm Biofactory A\/S, Consibio Aps og Aarhus Universitet har modtaget en bevilling p\u00e5 kr. 6.806.772 fra Gr\u00f8nt Udviklings- og Demonstrationsprogram (GUDP).\" \/>\n<meta name=\"robots\" content=\"index, follow, max-snippet:-1, max-image-preview:large, max-video-preview:-1\" \/>\n<link rel=\"canonical\" href=\"https:\/\/enormbiofactory.com\/da\/partnere-projekter\/flycloud\" \/>\n<meta property=\"og:locale\" content=\"da_DK\" \/>\n<meta property=\"og:type\" content=\"article\" \/>\n<meta property=\"og:title\" content=\"Flycloud - Digitalisering af insektproduktion - Enorm\" \/>\n<meta property=\"og:description\" content=\"Enorm Biofactory A\/S, Consibio Aps og Aarhus Universitet har modtaget en bevilling p\u00e5 kr. 6.806.772 fra Gr\u00f8nt Udviklings- og Demonstrationsprogram (GUDP).\" \/>\n<meta property=\"og:url\" content=\"https:\/\/enormbiofactory.com\/da\/partnere-projekter\/flycloud\" \/>\n<meta property=\"og:site_name\" content=\"Enorm\" \/>\n<meta property=\"article:modified_time\" content=\"2023-12-05T18:33:34+00:00\" \/>\n<meta property=\"og:image\" content=\"https:\/\/enormbiofactory.com\/wp-content\/uploads\/2023\/11\/flies-1600x773.jpeg\" \/>\n<meta name=\"twitter:card\" content=\"summary_large_image\" \/>\n<meta name=\"twitter:label1\" content=\"Estimeret l\u00e6setid\" \/>\n\t<meta name=\"twitter:data1\" content=\"1 minut\" \/>\n<script type=\"application\/ld+json\" class=\"yoast-schema-graph\">{\"@context\":\"https:\/\/schema.org\",\"@graph\":[{\"@type\":\"WebPage\",\"@id\":\"https:\/\/enormbiofactory.com\/da\/partnere-projekter\/flycloud\",\"url\":\"https:\/\/enormbiofactory.com\/da\/partnere-projekter\/flycloud\",\"name\":\"Flycloud - Digitalisering af insektproduktion - Enorm\",\"isPartOf\":{\"@id\":\"https:\/\/enormbiofactory.com\/da#website\"},\"primaryImageOfPage\":{\"@id\":\"https:\/\/enormbiofactory.com\/da\/partnere-projekter\/flycloud#primaryimage\"},\"image\":{\"@id\":\"https:\/\/enormbiofactory.com\/da\/partnere-projekter\/flycloud#primaryimage\"},\"thumbnailUrl\":\"https:\/\/enormbiofactory.com\/wp-content\/uploads\/2023\/11\/flies-1600x773.jpeg\",\"datePublished\":\"2023-11-19T19:57:03+00:00\",\"dateModified\":\"2023-12-05T18:33:34+00:00\",\"description\":\"Enorm Biofactory A\/S, Consibio Aps og Aarhus Universitet har modtaget en bevilling p\u00e5 kr. 6.806.772 fra Gr\u00f8nt Udviklings- og Demonstrationsprogram (GUDP).\",\"breadcrumb\":{\"@id\":\"https:\/\/enormbiofactory.com\/da\/partnere-projekter\/flycloud#breadcrumb\"},\"inLanguage\":\"da-DK\",\"potentialAction\":[{\"@type\":\"ReadAction\",\"target\":[\"https:\/\/enormbiofactory.com\/da\/partnere-projekter\/flycloud\"]}]},{\"@type\":\"ImageObject\",\"inLanguage\":\"da-DK\",\"@id\":\"https:\/\/enormbiofactory.com\/da\/partnere-projekter\/flycloud#primaryimage\",\"url\":\"https:\/\/enormbiofactory.com\/wp-content\/uploads\/2023\/11\/flies-1600x773.jpeg\",\"contentUrl\":\"https:\/\/enormbiofactory.com\/wp-content\/uploads\/2023\/11\/flies-1600x773.jpeg\"},{\"@type\":\"BreadcrumbList\",\"@id\":\"https:\/\/enormbiofactory.com\/da\/partnere-projekter\/flycloud#breadcrumb\",\"itemListElement\":[{\"@type\":\"ListItem\",\"position\":1,\"name\":\"Home\",\"item\":\"https:\/\/enormbiofactory.com\/da\"},{\"@type\":\"ListItem\",\"position\":2,\"name\":\"Partnere &#038; projekter\",\"item\":\"https:\/\/enormbiofactory.com\/da\/partnere-projekter\"},{\"@type\":\"ListItem\",\"position\":3,\"name\":\"Flycloud\"}]},{\"@type\":\"WebSite\",\"@id\":\"https:\/\/enormbiofactory.com\/da#website\",\"url\":\"https:\/\/enormbiofactory.com\/da\",\"name\":\"Enorm\",\"description\":\"\",\"potentialAction\":[{\"@type\":\"SearchAction\",\"target\":{\"@type\":\"EntryPoint\",\"urlTemplate\":\"https:\/\/enormbiofactory.com\/da?s={search_term_string}\"},\"query-input\":{\"@type\":\"PropertyValueSpecification\",\"valueRequired\":true,\"valueName\":\"search_term_string\"}}],\"inLanguage\":\"da-DK\"}]}<\/script>\n<!-- \/ Yoast SEO plugin. -->","yoast_head_json":{"title":"Flycloud - Digitalisering af insektproduktion - Enorm","description":"Enorm Biofactory A\/S, Consibio Aps og Aarhus Universitet har modtaget en bevilling p\u00e5 kr. 6.806.772 fra Gr\u00f8nt Udviklings- og Demonstrationsprogram (GUDP).","robots":{"index":"index","follow":"follow","max-snippet":"max-snippet:-1","max-image-preview":"max-image-preview:large","max-video-preview":"max-video-preview:-1"},"canonical":"https:\/\/enormbiofactory.com\/da\/partnere-projekter\/flycloud","og_locale":"da_DK","og_type":"article","og_title":"Flycloud - Digitalisering af insektproduktion - Enorm","og_description":"Enorm Biofactory A\/S, Consibio Aps og Aarhus Universitet har modtaget en bevilling p\u00e5 kr. 6.806.772 fra Gr\u00f8nt Udviklings- og Demonstrationsprogram (GUDP).","og_url":"https:\/\/enormbiofactory.com\/da\/partnere-projekter\/flycloud","og_site_name":"Enorm","article_modified_time":"2023-12-05T18:33:34+00:00","og_image":[{"url":"https:\/\/enormbiofactory.com\/wp-content\/uploads\/2023\/11\/flies-1600x773.jpeg","type":"","width":"","height":""}],"twitter_card":"summary_large_image","twitter_misc":{"Estimeret l\u00e6setid":"1 minut"},"schema":{"@context":"https:\/\/schema.org","@graph":[{"@type":"WebPage","@id":"https:\/\/enormbiofactory.com\/da\/partnere-projekter\/flycloud","url":"https:\/\/enormbiofactory.com\/da\/partnere-projekter\/flycloud","name":"Flycloud - Digitalisering af insektproduktion - Enorm","isPartOf":{"@id":"https:\/\/enormbiofactory.com\/da#website"},"primaryImageOfPage":{"@id":"https:\/\/enormbiofactory.com\/da\/partnere-projekter\/flycloud#primaryimage"},"image":{"@id":"https:\/\/enormbiofactory.com\/da\/partnere-projekter\/flycloud#primaryimage"},"thumbnailUrl":"https:\/\/enormbiofactory.com\/wp-content\/uploads\/2023\/11\/flies-1600x773.jpeg","datePublished":"2023-11-19T19:57:03+00:00","dateModified":"2023-12-05T18:33:34+00:00","description":"Enorm Biofactory A\/S, Consibio Aps og Aarhus Universitet har modtaget en bevilling p\u00e5 kr. 6.806.772 fra Gr\u00f8nt Udviklings- og Demonstrationsprogram (GUDP).","breadcrumb":{"@id":"https:\/\/enormbiofactory.com\/da\/partnere-projekter\/flycloud#breadcrumb"},"inLanguage":"da-DK","potentialAction":[{"@type":"ReadAction","target":["https:\/\/enormbiofactory.com\/da\/partnere-projekter\/flycloud"]}]},{"@type":"ImageObject","inLanguage":"da-DK","@id":"https:\/\/enormbiofactory.com\/da\/partnere-projekter\/flycloud#primaryimage","url":"https:\/\/enormbiofactory.com\/wp-content\/uploads\/2023\/11\/flies-1600x773.jpeg","contentUrl":"https:\/\/enormbiofactory.com\/wp-content\/uploads\/2023\/11\/flies-1600x773.jpeg"},{"@type":"BreadcrumbList","@id":"https:\/\/enormbiofactory.com\/da\/partnere-projekter\/flycloud#breadcrumb","itemListElement":[{"@type":"ListItem","position":1,"name":"Home","item":"https:\/\/enormbiofactory.com\/da"},{"@type":"ListItem","position":2,"name":"Partnere &#038; projekter","item":"https:\/\/enormbiofactory.com\/da\/partnere-projekter"},{"@type":"ListItem","position":3,"name":"Flycloud"}]},{"@type":"WebSite","@id":"https:\/\/enormbiofactory.com\/da#website","url":"https:\/\/enormbiofactory.com\/da","name":"Enorm","description":"","potentialAction":[{"@type":"SearchAction","target":{"@type":"EntryPoint","urlTemplate":"https:\/\/enormbiofactory.com\/da?s={search_term_string}"},"query-input":{"@type":"PropertyValueSpecification","valueRequired":true,"valueName":"search_term_string"}}],"inLanguage":"da-DK"}]}},"_links":{"self":[{"href":"https:\/\/enormbiofactory.com\/da\/wp-json\/wp\/v2\/pages\/91","targetHints":{"allow":["GET"]}}],"collection":[{"href":"https:\/\/enormbiofactory.com\/da\/wp-json\/wp\/v2\/pages"}],"about":[{"href":"https:\/\/enormbiofactory.com\/da\/wp-json\/wp\/v2\/types\/page"}],"author":[{"embeddable":true,"href":"https:\/\/enormbiofactory.com\/da\/wp-json\/wp\/v2\/users\/1"}],"replies":[{"embeddable":true,"href":"https:\/\/enormbiofactory.com\/da\/wp-json\/wp\/v2\/comments?post=91"}],"version-history":[{"count":31,"href":"https:\/\/enormbiofactory.com\/da\/wp-json\/wp\/v2\/pages\/91\/revisions"}],"predecessor-version":[{"id":1503,"href":"https:\/\/enormbiofactory.com\/da\/wp-json\/wp\/v2\/pages\/91\/revisions\/1503"}],"up":[{"embeddable":true,"href":"https:\/\/enormbiofactory.com\/da\/wp-json\/wp\/v2\/pages\/89"}],"wp:attachment":[{"href":"https:\/\/enormbiofactory.com\/da\/wp-json\/wp\/v2\/media?parent=91"}],"curies":[{"name":"wp","href":"https:\/\/api.w.org\/{rel}","templated":true}]}}