{"id":93,"date":"2023-11-19T20:57:39","date_gmt":"2023-11-19T19:57:39","guid":{"rendered":"https:\/\/enormbiofactory.com\/?page_id=93"},"modified":"2023-12-05T19:32:34","modified_gmt":"2023-12-05T18:32:34","slug":"fyrtaarnsprojekt","status":"publish","type":"page","link":"https:\/\/enormbiofactory.com\/da\/partnere-projekter\/fyrtaarnsprojekt","title":{"rendered":"Fyrt\u00e5rnsprojekt"},"content":{"rendered":"<div class=\"lines lines-01\"><img decoding=\"async\" src=\"\/wp-content\/plugins\/theme8blocks\/images\/lines-01.png\" alt=\"\" class=\"rellax\" data-rellax-speed=\"-2\"><\/div><div class=\"theme8blocks theme8blocks-texttwocols  image-gradient-border   cp-lightest height-content  \" id=\"block_175a2e12064f9aac6b0bd217e530d2c6\">    \n\t<div class=\"grid-container\">\n        <div class=\"acf-innerblocks-container\">\n\n<div class=\"wp-block-group\"><div class=\"wp-block-group__inner-container\">\n<h2 class=\"wp-block-heading\">Konvertering af biomasse til produkter med h\u00f8j v\u00e6rdi gennem insektproduktion.<br>Projektets rammer og form\u00e5l:<\/h2>\n\n\n\n<p>Projektet har f\u00e5et et tilskud fra Milj\u00f8styrelsen MUDP fond for 15,9 m DKK. Projektet k\u00f8rer fra 1. januar 2019 til slutningen af 2022. Projektet har til form\u00e5l at demonstrere, hvordan rest kan f\u00e5 merv\u00e6rdi ved biokonvertering gennem insektproduktion. Dette g\u00f8res ved at etablere Danmarks f\u00f8rste fuldautomatiske storstilet produktion af sorte Black Slodier Fly(BSF). Produktionen etableres med det form\u00e5l at omdanne biomasse til fiskefoder med h\u00f8j v\u00e6rdi og skabe v\u00e6rdi fra frassen fra insektproduktionen. Der er fokus p\u00e5 at opskalere produktionen, mens man tager hensyn til affald, etablering og anvendelse af cirkul\u00e6r biomasse.<\/p>\n\n\n\n<h2 class=\"wp-block-heading\">Projekt &amp; partnere<\/h2>\n\n\n\n<p><strong>ENORM Biofactory<\/strong> &#8211; ENORM er den st\u00f8rste ans\u00f8ger og er ansvarlig for drift og administration af projektet. Projektet underst\u00f8tter vores fors\u00f8g med fodring og reproduktion, etablering af vores testfaciliteter, udvikling og design af fabrikken, der har en kapacitet p\u00e5 100 tons levende larver hver dag.<\/p>\n\n\n\n<p><strong>Det Teknologiske Institut<\/strong> &#8211; det teknologiske institut bidrager til projektet ved at udvikle CFD-beregninger. Beregningerne bygger p\u00e5 vores viden om varme eller luftstr\u00f8m i v\u00e6kststalde og kan forudsige, hvordan disse vil blive p\u00e5virke dimensioner og geometri i staldene. Derudover hj\u00e6lper de med at udvikle de rigtige l\u00f8sninger til at skabe v\u00e6rdi af frass fra insekterne.<\/p>\n\n\n\n<p><strong>Hannemann Engineering<\/strong><\/p>\n\n\n\n<p><strong>Dansk Insektautomation<\/strong> <\/p>\n\n\n\n<p><strong>DTU Aqua<\/strong> &#8211; DTU Aqua gennemf\u00f8rer en r\u00e6kke foderfors\u00f8g for \u00f8rreder med ingredienser fra ENORMs fabrik.<\/p>\n\n\n\n<p><strong>Aller Aqua<\/strong> &#8211; Med foderfors\u00f8g i tankerne, vil Aller Aqua udvikle et f\u00e6rdigt fiskefoder, der indeholder insektmel fra fabrikken.<\/p>\n<\/div><\/div>\n\n\n\n<div class=\"wp-block-group\"><div class=\"wp-block-group__inner-container\">\n<figure class=\"wp-block-image size-large\"><img loading=\"lazy\" decoding=\"async\" width=\"1600\" height=\"1066\" src=\"https:\/\/enormbiofactory.com\/wp-content\/uploads\/2023\/11\/DSC03765-1600x1066.jpg\" alt=\"\" class=\"wp-image-1170\" srcset=\"https:\/\/enormbiofactory.com\/wp-content\/uploads\/2023\/11\/DSC03765-1600x1066.jpg 1600w, https:\/\/enormbiofactory.com\/wp-content\/uploads\/2023\/11\/DSC03765-800x533.jpg 800w, https:\/\/enormbiofactory.com\/wp-content\/uploads\/2023\/11\/DSC03765-768x512.jpg 768w, https:\/\/enormbiofactory.com\/wp-content\/uploads\/2023\/11\/DSC03765-1536x1024.jpg 1536w, https:\/\/enormbiofactory.com\/wp-content\/uploads\/2023\/11\/DSC03765-2048x1365.jpg 2048w\" sizes=\"auto, (max-width: 1600px) 100vw, 1600px\" \/><\/figure>\n\n\n<div class=\"theme8blocks theme8blocks-spacer  \" ><\/div>\n\n\n<figure class=\"wp-block-image size-full is-resized\"><img loading=\"lazy\" decoding=\"async\" width=\"211\" height=\"274\" src=\"https:\/\/enormbiofactory.com\/wp-content\/uploads\/2023\/11\/biomass.png\" alt=\"\" class=\"wp-image-1348\" style=\"width:124px;height:auto\"\/><\/figure>\n\n\n<div class=\"theme8blocks theme8blocks-spacer small \" ><\/div>\n\n\n<ul class=\"wp-block-list\">\n<li><a href=\"\/wp-content\/uploads\/2023\/11\/01-Fyrtaarnsprojektet-Faglig-delrapport_1-halvaar.pdf\" target=\"_blank\" rel=\"noreferrer noopener\">Faglig rapport for 1. halv\u00e5r af projektet<\/a><\/li>\n\n\n\n<li><a href=\"\/wp-content\/uploads\/2023\/11\/02-Fyrtaarnsprojektet-Faglig-delrapport_2-halvaar-2019.pdf\" target=\"_blank\" rel=\"noreferrer noopener\">Faglig rapport for 2. halv\u00e5r af projektet<\/a><\/li>\n\n\n\n<li><a href=\"\/wp-content\/uploads\/2023\/11\/03-Fyrtaarnsprojektet-Faglig-delrapport_1-halvaar-2020.pdf\" target=\"_blank\" rel=\"noreferrer noopener\">Faglig rapport for 3. halv\u00e5r af projektet<\/a>\n<ul class=\"wp-block-list\">\n<li><a href=\"\/wp-content\/uploads\/2023\/11\/04-Fyrtaarnsprojektet-Bilag-1-1-halvaar-2020-DTU.pdf\" target=\"_blank\" rel=\"noreferrer noopener\">Bilag til faglig rapport 3. halv\u00e5r<\/a><\/li>\n<\/ul>\n<\/li>\n\n\n\n<li><a href=\"\/wp-content\/uploads\/2023\/11\/05-Fyrtaarnsprojektet-Faglig-delrapport_2-halvaar-2020.pdf\" target=\"_blank\" rel=\"noreferrer noopener\">Faglig rapport for 4. halv\u00e5r af projektet<\/a>\n<ul class=\"wp-block-list\">\n<li><a href=\"\/wp-content\/uploads\/2023\/11\/06-Fyrtaarnsprojektet-Bilag-1-2-halvaar-2020-Teknologisk-Institut.pdf\" target=\"_blank\" rel=\"noreferrer noopener\">Bilag 1 til faglig rapport 4. halv\u00e5r &#8211; Teknologisk Institut<\/a><\/li>\n\n\n\n<li><a href=\"\/wp-content\/uploads\/2023\/11\/07-Fyrtaarnsprojektet-Bilag-2-2-halvaar-2020-DTU-Aqua.pdf\" target=\"_blank\" rel=\"noreferrer noopener\">Bilag 2 til faglig rapport 4. halv\u00e5r &#8211; DTU Aqua<\/a><\/li>\n<\/ul>\n<\/li>\n\n\n\n<li><a href=\"\/wp-content\/uploads\/2023\/11\/08-Fyrtaarnsprojektet-Faglig-delrapport-1-halvaar-2021.pdf\" target=\"_blank\" rel=\"noreferrer noopener\">Faglig rapport for 5. halv\u00e5r af projektet<\/a>\n<ul class=\"wp-block-list\">\n<li><a href=\"\/wp-content\/uploads\/2023\/11\/09-Fyrtaarnsprojektet-Bilag-1-AP-2-Skadelige-koncentrationer-af-CO2-og-NH3.pdf\" target=\"_blank\" rel=\"noreferrer noopener\">Bilag 1 til faglig rapport 5. halv\u00e5r<\/a><\/li>\n\n\n\n<li><a href=\"\/wp-content\/uploads\/2023\/11\/10-Fyrtaarnsprojektet-Bilag-2-AP6-Forsoeg-med-kompostering-af-frass-foraar-2021.pdf\" target=\"_blank\" rel=\"noreferrer noopener\">Bilag 2 til faglig rapport 5. halv\u00e5r<\/a><\/li>\n<\/ul>\n<\/li>\n\n\n\n<li><a href=\"\/wp-content\/uploads\/2023\/11\/11-Fyrtaarnsprojektet-Faglig-delrapport-2-halvaar-2021.pdf\" target=\"_blank\" rel=\"noreferrer noopener\">Faglig rapport for 6. halv\u00e5r af projektet<\/a>\n<ul class=\"wp-block-list\">\n<li><a href=\"\/wp-content\/uploads\/2023\/11\/12-Fyrtaarnsprojektet-Bilag-1-DTU-Half-year-report-2-halvaar-2021.pdf\" target=\"_blank\" rel=\"noreferrer noopener\">Bilag 1 til faglig rapport 6. halv\u00e5r<\/a><\/li>\n<\/ul>\n<\/li>\n\n\n\n<li><a href=\"\/wp-content\/uploads\/2023\/11\/13-Fyrtaarnsprojektet-MUDP-Faglig-delrapport-2022.pdf\" target=\"_blank\" rel=\"noreferrer noopener\">Faglig rapport for 7.+8. halv\u00e5r af projektet<\/a><\/li>\n<\/ul>\n<\/div><\/div>\n\n<\/div>\n\t<\/div>             \n<\/div>\n","protected":false},"excerpt":{"rendered":"","protected":false},"author":1,"featured_media":0,"parent":89,"menu_order":0,"comment_status":"closed","ping_status":"closed","template":"","meta":{"_acf_changed":false,"footnotes":""},"class_list":["post-93","page","type-page","status-publish","hentry"],"acf":[],"yoast_head":"<!-- This site is optimized with the Yoast SEO plugin v24.1 - https:\/\/yoast.com\/wordpress\/plugins\/seo\/ -->\n<title>Fyrt\u00e5rnsprojekt - Enorm<\/title>\n<meta name=\"description\" content=\"Projektet har f\u00e5et et tilskud fra Milj\u00f8styrelsen MUDP fond for 15,9 m DKK. Projektet k\u00f8rer fra 1. januar 2019 til slutningen af 2022.\" \/>\n<meta name=\"robots\" content=\"index, follow, max-snippet:-1, max-image-preview:large, max-video-preview:-1\" \/>\n<link rel=\"canonical\" href=\"https:\/\/enormbiofactory.com\/da\/partnere-projekter\/fyrtaarnsprojekt\" \/>\n<meta property=\"og:locale\" content=\"da_DK\" \/>\n<meta property=\"og:type\" content=\"article\" \/>\n<meta property=\"og:title\" content=\"Fyrt\u00e5rnsprojekt - Enorm\" \/>\n<meta property=\"og:description\" content=\"Projektet har f\u00e5et et tilskud fra Milj\u00f8styrelsen MUDP fond for 15,9 m DKK. Projektet k\u00f8rer fra 1. januar 2019 til slutningen af 2022.\" \/>\n<meta property=\"og:url\" content=\"https:\/\/enormbiofactory.com\/da\/partnere-projekter\/fyrtaarnsprojekt\" \/>\n<meta property=\"og:site_name\" content=\"Enorm\" \/>\n<meta property=\"article:modified_time\" content=\"2023-12-05T18:32:34+00:00\" \/>\n<meta property=\"og:image\" content=\"https:\/\/enormbiofactory.com\/wp-content\/uploads\/2023\/11\/DSC03765-1600x1066.jpg\" \/>\n<meta name=\"twitter:card\" content=\"summary_large_image\" \/>\n<meta name=\"twitter:label1\" content=\"Estimeret l\u00e6setid\" \/>\n\t<meta name=\"twitter:data1\" content=\"2 minutter\" \/>\n<script type=\"application\/ld+json\" class=\"yoast-schema-graph\">{\"@context\":\"https:\/\/schema.org\",\"@graph\":[{\"@type\":\"WebPage\",\"@id\":\"https:\/\/enormbiofactory.com\/da\/partnere-projekter\/fyrtaarnsprojekt\",\"url\":\"https:\/\/enormbiofactory.com\/da\/partnere-projekter\/fyrtaarnsprojekt\",\"name\":\"Fyrt\u00e5rnsprojekt - Enorm\",\"isPartOf\":{\"@id\":\"https:\/\/enormbiofactory.com\/da#website\"},\"primaryImageOfPage\":{\"@id\":\"https:\/\/enormbiofactory.com\/da\/partnere-projekter\/fyrtaarnsprojekt#primaryimage\"},\"image\":{\"@id\":\"https:\/\/enormbiofactory.com\/da\/partnere-projekter\/fyrtaarnsprojekt#primaryimage\"},\"thumbnailUrl\":\"https:\/\/enormbiofactory.com\/wp-content\/uploads\/2023\/11\/DSC03765-1600x1066.jpg\",\"datePublished\":\"2023-11-19T19:57:39+00:00\",\"dateModified\":\"2023-12-05T18:32:34+00:00\",\"description\":\"Projektet har f\u00e5et et tilskud fra Milj\u00f8styrelsen MUDP fond for 15,9 m DKK. Projektet k\u00f8rer fra 1. januar 2019 til slutningen af 2022.\",\"breadcrumb\":{\"@id\":\"https:\/\/enormbiofactory.com\/da\/partnere-projekter\/fyrtaarnsprojekt#breadcrumb\"},\"inLanguage\":\"da-DK\",\"potentialAction\":[{\"@type\":\"ReadAction\",\"target\":[\"https:\/\/enormbiofactory.com\/da\/partnere-projekter\/fyrtaarnsprojekt\"]}]},{\"@type\":\"ImageObject\",\"inLanguage\":\"da-DK\",\"@id\":\"https:\/\/enormbiofactory.com\/da\/partnere-projekter\/fyrtaarnsprojekt#primaryimage\",\"url\":\"https:\/\/enormbiofactory.com\/wp-content\/uploads\/2023\/11\/DSC03765-1600x1066.jpg\",\"contentUrl\":\"https:\/\/enormbiofactory.com\/wp-content\/uploads\/2023\/11\/DSC03765-1600x1066.jpg\"},{\"@type\":\"BreadcrumbList\",\"@id\":\"https:\/\/enormbiofactory.com\/da\/partnere-projekter\/fyrtaarnsprojekt#breadcrumb\",\"itemListElement\":[{\"@type\":\"ListItem\",\"position\":1,\"name\":\"Home\",\"item\":\"https:\/\/enormbiofactory.com\/da\"},{\"@type\":\"ListItem\",\"position\":2,\"name\":\"Partnere &#038; projekter\",\"item\":\"https:\/\/enormbiofactory.com\/da\/partnere-projekter\"},{\"@type\":\"ListItem\",\"position\":3,\"name\":\"Fyrt\u00e5rnsprojekt\"}]},{\"@type\":\"WebSite\",\"@id\":\"https:\/\/enormbiofactory.com\/da#website\",\"url\":\"https:\/\/enormbiofactory.com\/da\",\"name\":\"Enorm\",\"description\":\"\",\"potentialAction\":[{\"@type\":\"SearchAction\",\"target\":{\"@type\":\"EntryPoint\",\"urlTemplate\":\"https:\/\/enormbiofactory.com\/da?s={search_term_string}\"},\"query-input\":{\"@type\":\"PropertyValueSpecification\",\"valueRequired\":true,\"valueName\":\"search_term_string\"}}],\"inLanguage\":\"da-DK\"}]}<\/script>\n<!-- \/ Yoast SEO plugin. -->","yoast_head_json":{"title":"Fyrt\u00e5rnsprojekt - Enorm","description":"Projektet har f\u00e5et et tilskud fra Milj\u00f8styrelsen MUDP fond for 15,9 m DKK. Projektet k\u00f8rer fra 1. januar 2019 til slutningen af 2022.","robots":{"index":"index","follow":"follow","max-snippet":"max-snippet:-1","max-image-preview":"max-image-preview:large","max-video-preview":"max-video-preview:-1"},"canonical":"https:\/\/enormbiofactory.com\/da\/partnere-projekter\/fyrtaarnsprojekt","og_locale":"da_DK","og_type":"article","og_title":"Fyrt\u00e5rnsprojekt - Enorm","og_description":"Projektet har f\u00e5et et tilskud fra Milj\u00f8styrelsen MUDP fond for 15,9 m DKK. Projektet k\u00f8rer fra 1. januar 2019 til slutningen af 2022.","og_url":"https:\/\/enormbiofactory.com\/da\/partnere-projekter\/fyrtaarnsprojekt","og_site_name":"Enorm","article_modified_time":"2023-12-05T18:32:34+00:00","og_image":[{"url":"https:\/\/enormbiofactory.com\/wp-content\/uploads\/2023\/11\/DSC03765-1600x1066.jpg","type":"","width":"","height":""}],"twitter_card":"summary_large_image","twitter_misc":{"Estimeret l\u00e6setid":"2 minutter"},"schema":{"@context":"https:\/\/schema.org","@graph":[{"@type":"WebPage","@id":"https:\/\/enormbiofactory.com\/da\/partnere-projekter\/fyrtaarnsprojekt","url":"https:\/\/enormbiofactory.com\/da\/partnere-projekter\/fyrtaarnsprojekt","name":"Fyrt\u00e5rnsprojekt - Enorm","isPartOf":{"@id":"https:\/\/enormbiofactory.com\/da#website"},"primaryImageOfPage":{"@id":"https:\/\/enormbiofactory.com\/da\/partnere-projekter\/fyrtaarnsprojekt#primaryimage"},"image":{"@id":"https:\/\/enormbiofactory.com\/da\/partnere-projekter\/fyrtaarnsprojekt#primaryimage"},"thumbnailUrl":"https:\/\/enormbiofactory.com\/wp-content\/uploads\/2023\/11\/DSC03765-1600x1066.jpg","datePublished":"2023-11-19T19:57:39+00:00","dateModified":"2023-12-05T18:32:34+00:00","description":"Projektet har f\u00e5et et tilskud fra Milj\u00f8styrelsen MUDP fond for 15,9 m DKK. Projektet k\u00f8rer fra 1. januar 2019 til slutningen af 2022.","breadcrumb":{"@id":"https:\/\/enormbiofactory.com\/da\/partnere-projekter\/fyrtaarnsprojekt#breadcrumb"},"inLanguage":"da-DK","potentialAction":[{"@type":"ReadAction","target":["https:\/\/enormbiofactory.com\/da\/partnere-projekter\/fyrtaarnsprojekt"]}]},{"@type":"ImageObject","inLanguage":"da-DK","@id":"https:\/\/enormbiofactory.com\/da\/partnere-projekter\/fyrtaarnsprojekt#primaryimage","url":"https:\/\/enormbiofactory.com\/wp-content\/uploads\/2023\/11\/DSC03765-1600x1066.jpg","contentUrl":"https:\/\/enormbiofactory.com\/wp-content\/uploads\/2023\/11\/DSC03765-1600x1066.jpg"},{"@type":"BreadcrumbList","@id":"https:\/\/enormbiofactory.com\/da\/partnere-projekter\/fyrtaarnsprojekt#breadcrumb","itemListElement":[{"@type":"ListItem","position":1,"name":"Home","item":"https:\/\/enormbiofactory.com\/da"},{"@type":"ListItem","position":2,"name":"Partnere &#038; projekter","item":"https:\/\/enormbiofactory.com\/da\/partnere-projekter"},{"@type":"ListItem","position":3,"name":"Fyrt\u00e5rnsprojekt"}]},{"@type":"WebSite","@id":"https:\/\/enormbiofactory.com\/da#website","url":"https:\/\/enormbiofactory.com\/da","name":"Enorm","description":"","potentialAction":[{"@type":"SearchAction","target":{"@type":"EntryPoint","urlTemplate":"https:\/\/enormbiofactory.com\/da?s={search_term_string}"},"query-input":{"@type":"PropertyValueSpecification","valueRequired":true,"valueName":"search_term_string"}}],"inLanguage":"da-DK"}]}},"_links":{"self":[{"href":"https:\/\/enormbiofactory.com\/da\/wp-json\/wp\/v2\/pages\/93","targetHints":{"allow":["GET"]}}],"collection":[{"href":"https:\/\/enormbiofactory.com\/da\/wp-json\/wp\/v2\/pages"}],"about":[{"href":"https:\/\/enormbiofactory.com\/da\/wp-json\/wp\/v2\/types\/page"}],"author":[{"embeddable":true,"href":"https:\/\/enormbiofactory.com\/da\/wp-json\/wp\/v2\/users\/1"}],"replies":[{"embeddable":true,"href":"https:\/\/enormbiofactory.com\/da\/wp-json\/wp\/v2\/comments?post=93"}],"version-history":[{"count":40,"href":"https:\/\/enormbiofactory.com\/da\/wp-json\/wp\/v2\/pages\/93\/revisions"}],"predecessor-version":[{"id":1502,"href":"https:\/\/enormbiofactory.com\/da\/wp-json\/wp\/v2\/pages\/93\/revisions\/1502"}],"up":[{"embeddable":true,"href":"https:\/\/enormbiofactory.com\/da\/wp-json\/wp\/v2\/pages\/89"}],"wp:attachment":[{"href":"https:\/\/enormbiofactory.com\/da\/wp-json\/wp\/v2\/media?parent=93"}],"curies":[{"name":"wp","href":"https:\/\/api.w.org\/{rel}","templated":true}]}}